{"id":22,"date":"2021-03-10T20:14:57","date_gmt":"2021-03-10T20:14:57","guid":{"rendered":"http:\/\/blogs.sld.cu\/tuberculosis\/?page_id=22"},"modified":"2021-05-15T00:13:08","modified_gmt":"2021-05-15T00:13:08","slug":"preguntas-frecuentes","status":"publish","type":"page","link":"https:\/\/blogs.sld.cu\/tuberculosis\/preguntas-frecuentes\/","title":{"rendered":"Preguntas frecuentes"},"content":{"rendered":"<p><span style=\"font-size: 12pt;font-family: verdana, geneva\"><strong>Sobre Tuberculosis<\/strong><\/span><\/p>\n<p><span style=\"font-size: 10pt;font-family: verdana, geneva\"><strong>\u00bfLa vacunaci\u00f3n de la tuberculosis, cubre a las personas de por vida, para no contraer la enfermedad?<\/strong><\/span><\/p>\n<p><span style=\"font-size: 10pt;font-family: verdana, geneva\">No,\u00a0la vacunaci\u00f3n no evita contraer la enfermedad. La vacunaci\u00f3n con BCG previene la presentaci\u00f3n de formas graves de la enfermedad, especialmente en la infancia. \u00a0\u00a0\u00a0<\/span><\/p>\n<p><span style=\"font-size: 10pt;font-family: verdana, geneva\"><strong>\u00bfDesde qu\u00e9 a\u00f1o se usa en Cuba la vacunaci\u00f3n para la tuberculosis?<\/strong><\/span><\/p>\n<p><span style=\"font-size: 10pt;font-family: verdana, geneva\">En 1928 el Dr. Alberto Recio inicia la vacunaci\u00f3n BCG en nuestro pa\u00eds lo cual se ha mantenido hasta nuestros d\u00edas, actualmente\u00a0se vacuna al 100 % de los reci\u00e9n nacidos antes del alta, como establece el programa nacional de vacunaci\u00f3n.\u00a0\u00a0<\/span><\/p>\n<p><span style=\"font-size: 10pt;font-family: verdana, geneva\"><strong>\u00bfEn nuestro pa\u00eds la tasa de incidencia de la enfermedad es baja debido a la vacunaci\u00f3n?<\/strong><\/span><\/p>\n<p><span style=\"font-size: 10pt;font-family: verdana, geneva\">Son varios los\u00a0factores que inciden en la baja tasa de incidencia que tiene nuestro pa\u00eds, el\u00a0 principal es la implementaci\u00f3n y cumplimiento de un programa nacional de control de la enfermedad, donde intervienen todos los niveles de atenci\u00f3n m\u00e9dica. Dicho programa permite el diagn\u00f3stico y tratamiento oportuno de los casos, lo cual incide en la disminuci\u00f3n de la transmisi\u00f3n y por tanto, en el n\u00famero de casos. La vacunaci\u00f3n s\u00ed incide en la disminuci\u00f3n del n\u00famero de casos con tuberculosis grave, como la meningitis tuberculosa, la TB miliar entre otras.<\/span><\/p>\n<p><span style=\"font-size: 10pt;font-family: verdana, geneva\"><strong>\u00bfQu\u00e9 es la t\u00e9cnica de Mantoux y para qu\u00e9 sirve?<\/strong><\/span><\/p>\n<p><span style=\"font-size: 10pt;font-family: verdana, geneva\">Es una t\u00e9cnica descrita por Charles Mantoux a inicios del pasado siglo, consiste en la inyecci\u00f3n intrad\u00e9rmica de un Derivado Proteico Purificado (PPD) en la cara anterior del antebrazo, se lee a las 48 horas y si existe un endurecimiento en forma de p\u00e1pula en el sitio de la inyecci\u00f3n se mide su di\u00e1metro en cent\u00edmetros. Es positiva la prueba cuando\u00a0la p\u00e1pula\u00a0mide\u00a05 cms. o m\u00e1s.\u00a0 La t\u00e9cnica\u00a0de Mantoux o Prueba de tuberculina es \u00fatil sobre todo, desde el punto de vista epidemiol\u00f3gico, para\u00a0 el diagn\u00f3stico de la infecci\u00f3n tuberculosa latente, en los ni\u00f1os cl\u00ednicamente sospechosos y en los contactos estrechos de enfermos.<\/span><\/p>\n<p><span style=\"font-size: 10pt;font-family: verdana, geneva\"><strong>\u00bfEn qu\u00e9 otros \u00f3rganos adem\u00e1s de la piel, puede infectar el bacilo de la tuberculosis?<\/strong><\/span><\/p>\n<p><span style=\"font-size: 10pt;font-family: verdana, geneva\">Cualquier \u00f3rgano o tejido puede ser infectado por el bacilo tuberculoso, aunque es excepcional la infecci\u00f3n del tejido muscular<\/span><\/p>\n<p><span style=\"font-size: 10pt;font-family: verdana, geneva\"><strong>\u00bfQu\u00e9 especialistas tratan las otras formas de tuberculosis?<\/strong><\/span><\/p>\n<p><span style=\"font-size: 10pt;font-family: verdana, geneva\">Las formas extrapulmonares de tuberculosis son diagnosticadas y tratadas por los especialistas en los \u00f3rganos y tejidos que son infectados: la tuberculosis \u00f3sea por los ortop\u00e9dicos, la uve\u00edtis tuberculosa por oftalmolog\u00eda, la tuberculosis renal por urolog\u00eda, las lesiones tuberculosas de la piel por dermatolog\u00eda, etc.<\/span><\/p>\n<p>&nbsp;<\/p>\n","protected":false},"excerpt":{"rendered":"<p>Sobre Tuberculosis \u00bfLa vacunaci\u00f3n de la tuberculosis, cubre a las personas de por vida, para no contraer la enfermedad? No,\u00a0la vacunaci\u00f3n no evita contraer la enfermedad. La vacunaci\u00f3n con BCG previene la presentaci\u00f3n de formas graves de la enfermedad, especialmente en la infancia. \u00a0\u00a0\u00a0 \u00bfDesde qu\u00e9 a\u00f1o se usa en Cuba la vacunaci\u00f3n para la [&hellip;]<\/p>\n","protected":false},"author":208,"featured_media":0,"parent":0,"menu_order":0,"comment_status":"closed","ping_status":"open","template":"","meta":[],"_links":{"self":[{"href":"https:\/\/blogs.sld.cu\/tuberculosis\/wp-json\/wp\/v2\/pages\/22"}],"collection":[{"href":"https:\/\/blogs.sld.cu\/tuberculosis\/wp-json\/wp\/v2\/pages"}],"about":[{"href":"https:\/\/blogs.sld.cu\/tuberculosis\/wp-json\/wp\/v2\/types\/page"}],"author":[{"embeddable":true,"href":"https:\/\/blogs.sld.cu\/tuberculosis\/wp-json\/wp\/v2\/users\/208"}],"replies":[{"embeddable":true,"href":"https:\/\/blogs.sld.cu\/tuberculosis\/wp-json\/wp\/v2\/comments?post=22"}],"version-history":[{"count":8,"href":"https:\/\/blogs.sld.cu\/tuberculosis\/wp-json\/wp\/v2\/pages\/22\/revisions"}],"predecessor-version":[{"id":139,"href":"https:\/\/blogs.sld.cu\/tuberculosis\/wp-json\/wp\/v2\/pages\/22\/revisions\/139"}],"wp:attachment":[{"href":"https:\/\/blogs.sld.cu\/tuberculosis\/wp-json\/wp\/v2\/media?parent=22"}],"curies":[{"name":"wp","href":"https:\/\/api.w.org\/{rel}","templated":true}]}}