{"id":27,"date":"2021-03-10T20:19:29","date_gmt":"2021-03-10T20:19:29","guid":{"rendered":"http:\/\/blogs.sld.cu\/tuberculosis\/?page_id=27"},"modified":"2021-05-14T23:26:27","modified_gmt":"2021-05-14T23:26:27","slug":"recursos","status":"publish","type":"page","link":"https:\/\/blogs.sld.cu\/tuberculosis\/recursos\/","title":{"rendered":"Recursos"},"content":{"rendered":"<h3><span style=\"font-size: 10pt;font-family: verdana, geneva\"><strong>Entrevistas, sitios de inter\u00e9s y otros recursos sobre Tuberculosis.<\/strong><\/span><\/h3>\n<p><span style=\"font-size: 10pt;font-family: verdana, geneva\"><a href=\"http:\/\/temas.sld.cu\/tuberculosis\" target=\"_blank\">Tuberculosis. Temas de salud. Infomed<\/a><\/span><\/p>\n<p><span style=\"font-size: 10pt;font-family: verdana, geneva\"><strong>M<\/strong>edline Plus: <a class=\"enlaces\" href=\"http:\/\/www.nlm.nih.gov\/medlineplus\/spanish\/ency\/article\/000077.htm\" target=\"_blank\">tuberculosis pulmonar<\/a>, <a class=\"enlaces\" href=\"http:\/\/www.nlm.nih.gov\/medlineplus\/spanish\/ency\/article\/000624.htm\" target=\"_blank\">tuberculosis diseminada<\/a><\/span><\/p>\n<p><span style=\"font-size: 10pt;font-family: verdana, geneva\"><strong>e<\/strong>Medicine: <a class=\"enlaces\" href=\"http:\/\/emedicine.medscape.com\/article\/230802-overview\" target=\"_blank\">tuberculosis<\/a><\/span><\/p>\n<p><span style=\"font-size: 10pt;font-family: verdana, geneva\"><strong><span style=\"text-decoration: underline\"><a href=\"https:\/\/es.wikipedia.org\/wiki\/Tuberculosis\">Tuberculosis &#8211; Wikipedia, la enciclopedia libre<\/a><\/span><\/strong><\/span><\/p>\n<p><span style=\"font-size: 10pt;font-family: verdana, geneva\"><strong><span style=\"text-decoration: underline\"><a href=\"https:\/\/medlineplus.gov\/spanish\/tuberculosis.html\">Tuberculosis: MedlinePlus en espa\u00f1ol<\/a><\/span><\/strong><\/span><\/p>\n<p><span style=\"font-size: 10pt;font-family: verdana, geneva\"><strong><span style=\"text-decoration: underline\"><a href=\"https:\/\/medlineplus.gov\/spanish\/ency\/article\/000077.htm\">Tuberculosis pulmonar: MedlinePlus enciclopedia m\u00e9dica<\/a><\/span><\/strong><\/span><\/p>\n<p><span style=\"font-size: 10pt;font-family: verdana, geneva\"><strong><span style=\"text-decoration: underline\"><a href=\"http:\/\/scielo.sld.cu\/scielo.php?script=sci_arttext&amp;pid=S0034-75072001000100005\">Tuberculosis &#8211; SciELO Cuba &#8211; Infomed<\/a><\/span><\/strong><\/span><\/p>\n<p><span style=\"font-size: 10pt;font-family: verdana, geneva\"><strong><span style=\"text-decoration: underline\"><a href=\"https:\/\/www.google.com\/url?sa=t&amp;rct=j&amp;q=&amp;esrc=s&amp;source=web&amp;cd=&amp;cad=rja&amp;uact=8&amp;ved=2ahUKEwjt6O78te3vAhVkUd8KHYKZDlQQFjANegQIKBAD&amp;url=https%3A%2F%2Fwww.cdc.gov%2Ftb%2Fesp%2Ftopic%2Fbasics%2Fsignsandsymptoms.htm&amp;usg=AOvVaw09ecQNQiBjU0ShrIvquIuu\">Signos y s\u00edntomas | Datos b\u00e1sicos sobre la tuberculosis | TB &#8230;<\/a><\/span><\/strong><\/span><\/p>\n<p><span style=\"font-size: 10pt;font-family: verdana, geneva\"><strong>Datos b\u00e1sicos sobre la tuberculosis | TB | CDC<\/strong><\/span><\/p>\n<p><span style=\"font-size: 10pt;font-family: verdana, geneva\"><strong><span style=\"text-decoration: underline\"><a href=\"https:\/\/www.who.int\/features\/qa\/08\/es\/\">OMS | \u00bfQu\u00e9 es la tuberculosis y c\u00f3mo se trata?<\/a><\/span><\/strong><\/span><\/p>\n<p><span style=\"font-size: 10pt;font-family: verdana, geneva\">\u00a0<\/span><\/p>\n<p>&nbsp;<\/p>\n<p>&nbsp;<\/p>\n","protected":false},"excerpt":{"rendered":"<p>Entrevistas, sitios de inter\u00e9s y otros recursos sobre Tuberculosis. Tuberculosis. Temas de salud. Infomed Medline Plus: tuberculosis pulmonar, tuberculosis diseminada eMedicine: tuberculosis Tuberculosis &#8211; Wikipedia, la enciclopedia libre Tuberculosis: MedlinePlus en espa\u00f1ol Tuberculosis pulmonar: MedlinePlus enciclopedia m\u00e9dica Tuberculosis &#8211; SciELO Cuba &#8211; Infomed Signos y s\u00edntomas | Datos b\u00e1sicos sobre la tuberculosis | TB &#8230; [&hellip;]<\/p>\n","protected":false},"author":208,"featured_media":0,"parent":0,"menu_order":0,"comment_status":"closed","ping_status":"open","template":"","meta":[],"_links":{"self":[{"href":"https:\/\/blogs.sld.cu\/tuberculosis\/wp-json\/wp\/v2\/pages\/27"}],"collection":[{"href":"https:\/\/blogs.sld.cu\/tuberculosis\/wp-json\/wp\/v2\/pages"}],"about":[{"href":"https:\/\/blogs.sld.cu\/tuberculosis\/wp-json\/wp\/v2\/types\/page"}],"author":[{"embeddable":true,"href":"https:\/\/blogs.sld.cu\/tuberculosis\/wp-json\/wp\/v2\/users\/208"}],"replies":[{"embeddable":true,"href":"https:\/\/blogs.sld.cu\/tuberculosis\/wp-json\/wp\/v2\/comments?post=27"}],"version-history":[{"count":9,"href":"https:\/\/blogs.sld.cu\/tuberculosis\/wp-json\/wp\/v2\/pages\/27\/revisions"}],"predecessor-version":[{"id":134,"href":"https:\/\/blogs.sld.cu\/tuberculosis\/wp-json\/wp\/v2\/pages\/27\/revisions\/134"}],"wp:attachment":[{"href":"https:\/\/blogs.sld.cu\/tuberculosis\/wp-json\/wp\/v2\/media?parent=27"}],"curies":[{"name":"wp","href":"https:\/\/api.w.org\/{rel}","templated":true}]}}