{"id":42,"date":"2021-03-10T21:17:38","date_gmt":"2021-03-10T21:17:38","guid":{"rendered":"http:\/\/blogs.sld.cu\/tuberculosis\/?page_id=42"},"modified":"2021-05-15T00:15:24","modified_gmt":"2021-05-15T00:15:24","slug":"dr-eberto-garcia-silvera","status":"publish","type":"page","link":"https:\/\/blogs.sld.cu\/tuberculosis\/dr-eberto-garcia-silvera\/","title":{"rendered":"Dr. Eberto Garc\u00eda Silvera"},"content":{"rendered":"<p><a href=\"http:\/\/blogs.sld.cu\/tuberculosis\/files\/2021\/03\/Eberto-Garcia-Silvera.jpg\"><img loading=\"lazy\" class=\"alignnone  wp-image-43\" src=\"http:\/\/blogs.sld.cu\/tuberculosis\/files\/2021\/03\/Eberto-Garcia-Silvera.jpg\" alt=\"Eberto Garcia Silvera\" width=\"285\" height=\"356\" srcset=\"https:\/\/blogs.sld.cu\/tuberculosis\/files\/2021\/03\/Eberto-Garcia-Silvera.jpg 315w, https:\/\/blogs.sld.cu\/tuberculosis\/files\/2021\/03\/Eberto-Garcia-Silvera-240x300.jpg 240w, https:\/\/blogs.sld.cu\/tuberculosis\/files\/2021\/03\/Eberto-Garcia-Silvera-250x313.jpg 250w\" sizes=\"(max-width: 285px) 100vw, 285px\" \/><\/a><\/p>\n<p><span style=\"font-family: verdana, geneva;font-size: 10pt\">Especialista de 1ro. y 2do. grado en Neumolog\u00eda. Profesor auxiliar de la Facultad &#8220;Dr. Salvador Allende&#8221;. Director del Hospital Neumol\u00f3gico Ben\u00e9fico Jur\u00eddico. Sociedad cubana de Neumolog\u00eda.<br \/>\n<\/span><\/p>\n<p><span style=\"font-size: 10pt\">\u00a0<\/span><\/p>\n","protected":false},"excerpt":{"rendered":"<p>Especialista de 1ro. y 2do. grado en Neumolog\u00eda. Profesor auxiliar de la Facultad &#8220;Dr. Salvador Allende&#8221;. Director del Hospital Neumol\u00f3gico Ben\u00e9fico Jur\u00eddico. Sociedad cubana de Neumolog\u00eda. \u00a0<\/p>\n","protected":false},"author":208,"featured_media":0,"parent":0,"menu_order":0,"comment_status":"open","ping_status":"open","template":"","meta":[],"_links":{"self":[{"href":"https:\/\/blogs.sld.cu\/tuberculosis\/wp-json\/wp\/v2\/pages\/42"}],"collection":[{"href":"https:\/\/blogs.sld.cu\/tuberculosis\/wp-json\/wp\/v2\/pages"}],"about":[{"href":"https:\/\/blogs.sld.cu\/tuberculosis\/wp-json\/wp\/v2\/types\/page"}],"author":[{"embeddable":true,"href":"https:\/\/blogs.sld.cu\/tuberculosis\/wp-json\/wp\/v2\/users\/208"}],"replies":[{"embeddable":true,"href":"https:\/\/blogs.sld.cu\/tuberculosis\/wp-json\/wp\/v2\/comments?post=42"}],"version-history":[{"count":5,"href":"https:\/\/blogs.sld.cu\/tuberculosis\/wp-json\/wp\/v2\/pages\/42\/revisions"}],"predecessor-version":[{"id":140,"href":"https:\/\/blogs.sld.cu\/tuberculosis\/wp-json\/wp\/v2\/pages\/42\/revisions\/140"}],"wp:attachment":[{"href":"https:\/\/blogs.sld.cu\/tuberculosis\/wp-json\/wp\/v2\/media?parent=42"}],"curies":[{"name":"wp","href":"https:\/\/api.w.org\/{rel}","templated":true}]}}