{"id":16,"date":"2020-02-14T21:04:30","date_gmt":"2020-02-14T21:04:30","guid":{"rendered":"http:\/\/blogs.sld.cu\/cancerdemama\/?page_id=16"},"modified":"2021-12-01T19:34:24","modified_gmt":"2021-12-01T19:34:24","slug":"acerca-de","status":"publish","type":"page","link":"https:\/\/blogs.sld.cu\/tumoresdelamama\/acerca-de\/","title":{"rendered":"Acerca de"},"content":{"rendered":"<p>La red Infomed est\u00e1 constituida por un grupo de personas e instituciones que hacen posible que la informaci\u00f3n y el conocimiento lleguen a todos. Como parte de su red de portales ha desarrollado los sitios de enfermedades, para consulta de la poblaci\u00f3n en general, pacientes y su familia.<\/p>\n<p>En este sitio usted podr\u00e1 encontrar informaci\u00f3n acerca de los tumores de la mama. \u00bfQu\u00e9 son? \u00bfC\u00f3mo se clasifican? \u00bfCu\u00e1les son sus principales s\u00edntomas y signos? \u00bfC\u00f3mo se diagnostican y tratan? \u00bfQu\u00e9 medidas preventivas deben tenerse en cuenta? \u00bfC\u00f3mo y cu\u00e1ndo realizar el autoexamen de mama?<\/p>\n<p>Estas y otras interrogantes ser\u00e1n respondidas a trav\u00e9s de las secciones que integran este espacio.<\/p>\n<p style=\"text-align: left;\">Su editora es la <a title=\"Dra. Olga Noem\u00ed Rodr\u00edguez Marrero\" href=\"http:\/\/blogs.sld.cu\/cancerdemama\/dra-olga-noemi-rodriguez-marrero\/\">Dra. Olga Noem\u00ed Rodr\u00edguez Marrero<\/a>, especialista de primer grado en Oncolog\u00eda, que de forma educativa e interactiva le orientar\u00e1 acerca de este problema de salud.<span style=\"font-size: 10pt; font-family: verdana, geneva;\"><br \/>\n<\/span><\/p>\n","protected":false},"excerpt":{"rendered":"<p>La red Infomed est\u00e1 constituida por un grupo de personas e instituciones que hacen posible que la informaci\u00f3n y el conocimiento lleguen a todos. Como parte de su red de portales ha desarrollado los sitios de enfermedades, para consulta de la poblaci\u00f3n en general, pacientes y su familia. En este sitio usted podr\u00e1 encontrar informaci\u00f3n [&hellip;]<\/p>\n","protected":false},"author":204,"featured_media":0,"parent":0,"menu_order":0,"comment_status":"closed","ping_status":"closed","template":"","meta":[],"_links":{"self":[{"href":"https:\/\/blogs.sld.cu\/tumoresdelamama\/wp-json\/wp\/v2\/pages\/16"}],"collection":[{"href":"https:\/\/blogs.sld.cu\/tumoresdelamama\/wp-json\/wp\/v2\/pages"}],"about":[{"href":"https:\/\/blogs.sld.cu\/tumoresdelamama\/wp-json\/wp\/v2\/types\/page"}],"author":[{"embeddable":true,"href":"https:\/\/blogs.sld.cu\/tumoresdelamama\/wp-json\/wp\/v2\/users\/204"}],"replies":[{"embeddable":true,"href":"https:\/\/blogs.sld.cu\/tumoresdelamama\/wp-json\/wp\/v2\/comments?post=16"}],"version-history":[{"count":17,"href":"https:\/\/blogs.sld.cu\/tumoresdelamama\/wp-json\/wp\/v2\/pages\/16\/revisions"}],"predecessor-version":[{"id":294,"href":"https:\/\/blogs.sld.cu\/tumoresdelamama\/wp-json\/wp\/v2\/pages\/16\/revisions\/294"}],"wp:attachment":[{"href":"https:\/\/blogs.sld.cu\/tumoresdelamama\/wp-json\/wp\/v2\/media?parent=16"}],"curies":[{"name":"wp","href":"https:\/\/api.w.org\/{rel}","templated":true}]}}