{"id":18,"date":"2020-02-14T21:05:45","date_gmt":"2020-02-14T21:05:45","guid":{"rendered":"http:\/\/blogs.sld.cu\/cancerdemama\/?page_id=18"},"modified":"2021-12-07T01:00:27","modified_gmt":"2021-12-07T01:00:27","slug":"cancer-de-mama","status":"publish","type":"page","link":"https:\/\/blogs.sld.cu\/tumoresdelamama\/cancer-de-mama\/","title":{"rendered":"Tumores de la mama"},"content":{"rendered":"<p>Las gl\u00e1ndulas mamarias est\u00e1n constituidas por un n\u00famero que var\u00eda entre 15 y 20 gl\u00e1ndulas t\u00fabulo-alveolares compuestas y tejidos conjuntivo y adiposo, sin diferencia entre ambos sexos hasta la llegada de la pubertad. En ese momento, por la influencia de las hormonas -estr\u00f3genos- empiezan a desarrollarse en la mujer y cambian su estructura y funciones, de acuerdo al ciclo sexual. El desarrollo se completa alrededor de los 20 a\u00f1os.<\/p>\n<p><span style=\"font-size: 10pt;\"><a href=\"http:\/\/blogs.sld.cu\/cancerdemama\/files\/2020\/02\/mama1.jpg\"><img loading=\"lazy\" class=\" size-medium wp-image-132 alignleft\" src=\"http:\/\/blogs.sld.cu\/cancerdemama\/files\/2020\/02\/mama1-168x300.jpg\" alt=\"mama1\" width=\"168\" height=\"300\" srcset=\"https:\/\/blogs.sld.cu\/tumoresdelamama\/files\/2020\/02\/mama1-168x300.jpg 168w, https:\/\/blogs.sld.cu\/tumoresdelamama\/files\/2020\/02\/mama1-250x445.jpg 250w, https:\/\/blogs.sld.cu\/tumoresdelamama\/files\/2020\/02\/mama1.jpg 348w\" sizes=\"(max-width: 168px) 100vw, 168px\" \/><\/a><\/span>En la menopausia hay una atrofia del par\u00e9nquima y del estroma de la gl\u00e1ndulas.<\/p>\n<p>Cada gl\u00e1ndula posee un conducto lact\u00edfero, que antes de llegar al pez\u00f3n se dilata y forma los senos lact\u00edferos.<\/p>\n<p>El c\u00e1ncer de mama es un tipo de c\u00e1ncer que se forma en las c\u00e9lulas de las mamas, tanto en los conductos como en los alve\u00f3los, donde se produce la leche en el per\u00edodo de lactancia.<\/p>\n<p>El c\u00e1ncer de mama se puede producir tanto en hombres como en mujeres; sin embargo, es mucho m\u00e1s com\u00fan en las mujeres.<\/p>\n<p>Los avances en el diagn\u00f3stico y el tratamiento han aumentado las tasas de supervivencia, y el n\u00famero de muertes ha disminuido en gran medida por los factores como la detecci\u00f3n precoz, la educaci\u00f3n de la poblaci\u00f3n femenina en la realizaci\u00f3n del autoexamen de mama, el enfoque personalizado de los tratamientos y un mejor conocimiento de la enfermedad.<\/p>\n<p>La mayor\u00eda de las mujeres experimentan cambios en los senos en alg\u00fan momento de su vida. La edad, los niveles hormonales y las medicinas que toman pueden causar bultos, masas y secreciones (fluidos o l\u00edquidos que no son leche materna).<\/p>\n<p>Si nota un bulto, dolor, secreci\u00f3n o irritaci\u00f3n en la piel de uno o de los dos senos, consulte a su m\u00e9dico. Tanto los problemas graves como los no graves tienen s\u00edntomas similares. Aunque muchas mujeres le tienen miedo al c\u00e1ncer, la mayor\u00eda de los problemas en los senos NO son c\u00e1ncer.<\/p>\n<p><a title=\"Algunos cambios comunes en los senos\" href=\"http:\/\/blogs.sld.cu\/cancerdemama\/algunos-cambios-comunes-en-los-senos\/\">Algunos cambios comunes en los senos<\/a><\/p>\n<p>&nbsp;<\/p>\n","protected":false},"excerpt":{"rendered":"<p>Las gl\u00e1ndulas mamarias est\u00e1n constituidas por un n\u00famero que var\u00eda entre 15 y 20 gl\u00e1ndulas t\u00fabulo-alveolares compuestas y tejidos conjuntivo y adiposo, sin diferencia entre ambos sexos hasta la llegada de la pubertad. En ese momento, por la influencia de las hormonas -estr\u00f3genos- empiezan a desarrollarse en la mujer y cambian su estructura y funciones, [&hellip;]<\/p>\n","protected":false},"author":208,"featured_media":0,"parent":0,"menu_order":0,"comment_status":"closed","ping_status":"closed","template":"","meta":[],"_links":{"self":[{"href":"https:\/\/blogs.sld.cu\/tumoresdelamama\/wp-json\/wp\/v2\/pages\/18"}],"collection":[{"href":"https:\/\/blogs.sld.cu\/tumoresdelamama\/wp-json\/wp\/v2\/pages"}],"about":[{"href":"https:\/\/blogs.sld.cu\/tumoresdelamama\/wp-json\/wp\/v2\/types\/page"}],"author":[{"embeddable":true,"href":"https:\/\/blogs.sld.cu\/tumoresdelamama\/wp-json\/wp\/v2\/users\/208"}],"replies":[{"embeddable":true,"href":"https:\/\/blogs.sld.cu\/tumoresdelamama\/wp-json\/wp\/v2\/comments?post=18"}],"version-history":[{"count":12,"href":"https:\/\/blogs.sld.cu\/tumoresdelamama\/wp-json\/wp\/v2\/pages\/18\/revisions"}],"predecessor-version":[{"id":304,"href":"https:\/\/blogs.sld.cu\/tumoresdelamama\/wp-json\/wp\/v2\/pages\/18\/revisions\/304"}],"wp:attachment":[{"href":"https:\/\/blogs.sld.cu\/tumoresdelamama\/wp-json\/wp\/v2\/media?parent=18"}],"curies":[{"name":"wp","href":"https:\/\/api.w.org\/{rel}","templated":true}]}}