{"id":24,"date":"2020-02-14T21:09:10","date_gmt":"2020-02-14T21:09:10","guid":{"rendered":"http:\/\/blogs.sld.cu\/cancerdemama\/?page_id=24"},"modified":"2020-03-05T04:05:54","modified_gmt":"2020-03-05T04:05:54","slug":"recursos","status":"publish","type":"page","link":"https:\/\/blogs.sld.cu\/tumoresdelamama\/recursos\/","title":{"rendered":"Recursos"},"content":{"rendered":"<p style=\"text-align: justify\">En este espacio tendr\u00e1s acceso a diferentes recursos\u00a0 y materiales de inter\u00e9s con relaci\u00f3n al c\u00e1ncer de mama.<\/p>\n<h4><a href=\"http:\/\/www.rnc.sld.cu\/\" target=\"_blank\"><span style=\"color: #000080\">Registro Nacional de C\u00e1ncer\u00a0de Cuba\u00a0<\/span><\/a><\/h4>\n","protected":false},"excerpt":{"rendered":"<p>En este espacio tendr\u00e1s acceso a diferentes recursos\u00a0 y materiales de inter\u00e9s con relaci\u00f3n al c\u00e1ncer de mama. Registro Nacional de C\u00e1ncer\u00a0de Cuba\u00a0<\/p>\n","protected":false},"author":208,"featured_media":0,"parent":0,"menu_order":0,"comment_status":"closed","ping_status":"open","template":"","meta":[],"_links":{"self":[{"href":"https:\/\/blogs.sld.cu\/tumoresdelamama\/wp-json\/wp\/v2\/pages\/24"}],"collection":[{"href":"https:\/\/blogs.sld.cu\/tumoresdelamama\/wp-json\/wp\/v2\/pages"}],"about":[{"href":"https:\/\/blogs.sld.cu\/tumoresdelamama\/wp-json\/wp\/v2\/types\/page"}],"author":[{"embeddable":true,"href":"https:\/\/blogs.sld.cu\/tumoresdelamama\/wp-json\/wp\/v2\/users\/208"}],"replies":[{"embeddable":true,"href":"https:\/\/blogs.sld.cu\/tumoresdelamama\/wp-json\/wp\/v2\/comments?post=24"}],"version-history":[{"count":3,"href":"https:\/\/blogs.sld.cu\/tumoresdelamama\/wp-json\/wp\/v2\/pages\/24\/revisions"}],"predecessor-version":[{"id":49,"href":"https:\/\/blogs.sld.cu\/tumoresdelamama\/wp-json\/wp\/v2\/pages\/24\/revisions\/49"}],"wp:attachment":[{"href":"https:\/\/blogs.sld.cu\/tumoresdelamama\/wp-json\/wp\/v2\/media?parent=24"}],"curies":[{"name":"wp","href":"https:\/\/api.w.org\/{rel}","templated":true}]}}