{"id":11,"date":"2022-01-20T09:02:56","date_gmt":"2022-01-20T09:02:56","guid":{"rendered":"https:\/\/blogs.sld.cu\/varicela\/?page_id=11"},"modified":"2022-02-11T18:07:26","modified_gmt":"2022-02-11T18:07:26","slug":"causas-sintomas","status":"publish","type":"page","link":"https:\/\/blogs.sld.cu\/varicela\/causas-sintomas\/","title":{"rendered":"Causas\/S\u00edntomas"},"content":{"rendered":"<h3>Causas<\/h3>\n<div id=\"attachment_42\" style=\"width: 310px\" class=\"wp-caption alignnone\"><img aria-describedby=\"caption-attachment-42\" loading=\"lazy\" class=\"wp-image-42 size-medium\" src=\"https:\/\/blogs.sld.cu\/varicela\/files\/2022\/01\/varicelazoster2-300x246.jpg\" alt=\"Virus varicela zoster\" width=\"300\" height=\"246\" srcset=\"https:\/\/blogs.sld.cu\/varicela\/files\/2022\/01\/varicelazoster2-300x246.jpg 300w, https:\/\/blogs.sld.cu\/varicela\/files\/2022\/01\/varicelazoster2-250x205.jpg 250w, https:\/\/blogs.sld.cu\/varicela\/files\/2022\/01\/varicelazoster2.jpg 612w\" sizes=\"(max-width: 300px) 100vw, 300px\" \/><p id=\"caption-attachment-42\" class=\"wp-caption-text\">Virus Varicela zoster ADN herpe virus<\/p><\/div>\n<p style=\"text-align: left\">La\u00a0 causa de la Varicela o China, como se le llamaba antiguamente en Cuba, es el\u00a0 <strong>virus varicela z\u00f3ster<\/strong>. que es un virus ADN de la\u00a0 familia de los\u00a0\u00a0 herpesvirus. El mismo virus que causa la <strong>culebrilla (herpe zoster)<\/strong> en los adultos.<\/p>\n<p style=\"text-align: left\">La varicela es muy contagiosa y casi siempre\u00a0 transcurre de forma leve o benigna sobre todo en los ni\u00f1os. Se contagia desde uno o dos dias antes de que se presenten las ampollas hasta que se formen las costras.<\/p>\n<p style=\"text-align: left\">El nombre varicela es un neologismo del latin y es el diminutivo de viruela, es como decir en espa\u00f1ol viruelita, que no llegaba a la magnitud de la viruela .la terminaci\u00f3n cella era el diminutivo de ahi que se le llame varicela<\/p>\n<h3 style=\"text-align: left\">El contagio puede ser por:<\/h3>\n<ul>\n<li style=\"text-align: left\">\n<h4>Tocar el l\u00edquido delas\u00a0 ampollas<\/h4>\n<\/li>\n<li style=\"text-align: left\">\n<h4>Si alguien con varicela tose o estornuda cerca<\/h4>\n<\/li>\n<\/ul>\n<p style=\"text-align: left\">La mayor\u00eda de los casos de varicela ocurre en los ni\u00f1os menores de 10 a\u00f1os . La enfermedad casi siempre es leve, aunque pueden ocurrir complicaciones serias. Los adultos y ni\u00f1os mayores se purden complicar y presentar\u00a0 s\u00edntomas m\u00e1s serios\u00a0 que los ni\u00f1os peque\u00f1os.<\/p>\n<p style=\"text-align: left\">No es muy probable que los ni\u00f1os cuyas madres hayan tenido varicela o hayan recibido la vacuna contra esta enfermedad la contraigan antes de cumplir 1 a\u00f1o de edad. Si la contraen, a menudo se presenta de forma leve. Esto se debe a que los anticuerpos de la sangre de sus madres los protegen. Los ni\u00f1os de menos de 1 a\u00f1o cuyas madres no han tenido varicela o no han recibido la vacuna pueden desarrollar una varicela grave.<\/p>\n<h3 style=\"text-align: left\">S\u00edntomas<\/h3>\n<p><img loading=\"lazy\" class=\"alignnone wp-image-50 size-medium\" src=\"https:\/\/blogs.sld.cu\/varicela\/files\/2022\/01\/istockphoto-1159347210-612x612-1-300x200.jpg\" alt=\"\" width=\"300\" height=\"200\" srcset=\"https:\/\/blogs.sld.cu\/varicela\/files\/2022\/01\/istockphoto-1159347210-612x612-1-300x200.jpg 300w, https:\/\/blogs.sld.cu\/varicela\/files\/2022\/01\/istockphoto-1159347210-612x612-1-250x167.jpg 250w, https:\/\/blogs.sld.cu\/varicela\/files\/2022\/01\/istockphoto-1159347210-612x612-1.jpg 612w\" sizes=\"(max-width: 300px) 100vw, 300px\" \/><\/p>\n<p>Los s\u00edntomas que aparecen antes de la erupci\u00f3n son::<\/p>\n<ul>\n<li>Cansancio y sensaci\u00f3n de malestar general<\/li>\n<\/ul>\n<ul>\n<li>Fiebre<\/li>\n<li>P\u00e9rdida del apetito<\/li>\n<li>Dolor de cabeza<\/li>\n<\/ul>\n<p>&nbsp;<\/p>\n<p>La erupci\u00f3n de ampollas\u00a0 se presenta de 10 a 20 d\u00edas despu\u00e9s de la exposici\u00f3n al virus y, generalmente, dura entre cinco y 10 d\u00edas.Las ampollas comienzan en la cabeza y cuero cabelludo\u00a0 y el tronco y se extienden a otras partes del cuerpo.<\/p>\n<div id=\"attachment_131\" style=\"width: 269px\" class=\"wp-caption alignnone\"><img aria-describedby=\"caption-attachment-131\" loading=\"lazy\" class=\"wp-image-131 size-full\" src=\"https:\/\/blogs.sld.cu\/varicela\/files\/2022\/02\/faseadelavaricelaimages.jpg\" alt=\"Diagn\u00f3stico: Varicela\" width=\"259\" height=\"194\" srcset=\"https:\/\/blogs.sld.cu\/varicela\/files\/2022\/02\/faseadelavaricelaimages.jpg 259w, https:\/\/blogs.sld.cu\/varicela\/files\/2022\/02\/faseadelavaricelaimages-250x187.jpg 250w\" sizes=\"(max-width: 259px) 100vw, 259px\" \/><p id=\"caption-attachment-131\" class=\"wp-caption-text\">Se aprecian dos fases de la erupci\u00f3n p\u00e1pulas y ves\u00edculas<\/p><\/div>\n<p>Una vez que aparece la erupci\u00f3n de la varicela, pasa por tres fases:<\/p>\n<h3>Fases de la erupci\u00f3n<\/h3>\n<ul>\n<li>P\u00e1pulas ojas o rosadas elevadas (como bultos que brotan durante varios d\u00edas)<\/li>\n<li>Peque\u00f1as ves\u00edculas (ampollas)llenas de l\u00edquido\u00a0 que se forman en aproximadamente un d\u00eda y luego se rompen y drenan<\/li>\n<li>Costras que cubren las ampollas abiertas y tardan varios d\u00edas en curarse.<\/li>\n<\/ul>\n<p>Seguir\u00e1n apareciendo nuevas p\u00e1pulas por\u00a0 varios d\u00edas, por lo que se pueden ver las tres fases de la erupci\u00f3n (p\u00e1pulas, ampollas y lesiones con costras) al mismo tiempo. El enfermo puede contagiar el virus a otras personas 48 horas antes de que aparezca la erupci\u00f3n, y seguir\u00e1 siendo contagioso hasta que todas las ampollas se hayan cubierto de costra.<\/p>\n<p>En general, la enfermedad es leve en ni\u00f1os sanos. En casos graves, la erupci\u00f3n puede cubrir el cuerpo entero y se pueden formar lesiones en la garganta, los ojos y las membranas mucosas de la uretra, el ano y la vagina.<\/p>\n","protected":false},"excerpt":{"rendered":"<p>Causas La\u00a0 causa de la Varicela o China, como se le llamaba antiguamente en Cuba, es el\u00a0 virus varicela z\u00f3ster. que es un virus ADN de la\u00a0 familia de los\u00a0\u00a0 herpesvirus. El mismo virus que causa la culebrilla (herpe zoster) en los adultos. La varicela es muy contagiosa y casi siempre\u00a0 transcurre de forma leve [&hellip;]<\/p>\n","protected":false},"author":208,"featured_media":0,"parent":0,"menu_order":0,"comment_status":"closed","ping_status":"closed","template":"","meta":[],"_links":{"self":[{"href":"https:\/\/blogs.sld.cu\/varicela\/wp-json\/wp\/v2\/pages\/11"}],"collection":[{"href":"https:\/\/blogs.sld.cu\/varicela\/wp-json\/wp\/v2\/pages"}],"about":[{"href":"https:\/\/blogs.sld.cu\/varicela\/wp-json\/wp\/v2\/types\/page"}],"author":[{"embeddable":true,"href":"https:\/\/blogs.sld.cu\/varicela\/wp-json\/wp\/v2\/users\/208"}],"replies":[{"embeddable":true,"href":"https:\/\/blogs.sld.cu\/varicela\/wp-json\/wp\/v2\/comments?post=11"}],"version-history":[{"count":22,"href":"https:\/\/blogs.sld.cu\/varicela\/wp-json\/wp\/v2\/pages\/11\/revisions"}],"predecessor-version":[{"id":144,"href":"https:\/\/blogs.sld.cu\/varicela\/wp-json\/wp\/v2\/pages\/11\/revisions\/144"}],"wp:attachment":[{"href":"https:\/\/blogs.sld.cu\/varicela\/wp-json\/wp\/v2\/media?parent=11"}],"curies":[{"name":"wp","href":"https:\/\/api.w.org\/{rel}","templated":true}]}}