{"id":13,"date":"2022-01-20T09:04:09","date_gmt":"2022-01-20T09:04:09","guid":{"rendered":"https:\/\/blogs.sld.cu\/varicela\/?page_id=13"},"modified":"2022-02-09T03:22:08","modified_gmt":"2022-02-09T03:22:08","slug":"diagnostico","status":"publish","type":"page","link":"https:\/\/blogs.sld.cu\/varicela\/diagnostico\/","title":{"rendered":"Diagn\u00f3stico\/Tratamiento"},"content":{"rendered":"<p><img loading=\"lazy\" class=\"alignnone size-full wp-image-130\" src=\"https:\/\/blogs.sld.cu\/varicela\/files\/2022\/02\/mkiiice.jpg\" alt=\"Fases de la erupci\u00f3n\" width=\"282\" height=\"179\" srcset=\"https:\/\/blogs.sld.cu\/varicela\/files\/2022\/02\/mkiiice.jpg 282w, https:\/\/blogs.sld.cu\/varicela\/files\/2022\/02\/mkiiice-250x159.jpg 250w\" sizes=\"(max-width: 282px) 100vw, 282px\" \/><\/p>\n<p>El diagn\u00f3stico es cl\u00ednico por inspecci\u00f3n de la erupci\u00f3n, y por el interrogatorio, si el paciente ha tenido contacto con un enfermo con varicela. No requiere hospitalizaci\u00f3n, excepto en los casos de personas inmunodeprimidas y con otras enfermedades. No requiere de pruebas de lsboratorio.<\/p>\n<h3>Tratamiento<\/h3>\n<p>Est\u00e1 encaminado al alivio de los s\u00edntomas, con antipir\u00e9ticos para la firbre y lociones t\u00f3picas en las ves\u00f1iculas para refrescar la piel y aliviar el prurito (picaz\u00f3n). La loci\u00f3n de zinc con calamina. Todos los medicamentos deben ser indicados por el m\u00f1edico.Se debe evitar el rascado de las ves\u00edculas, ya que pueden infectarse y causar\u00a0 infecciones en la piel por otros agentes como bacterias.<\/p>\n","protected":false},"excerpt":{"rendered":"<p>El diagn\u00f3stico es cl\u00ednico por inspecci\u00f3n de la erupci\u00f3n, y por el interrogatorio, si el paciente ha tenido contacto con un enfermo con varicela. No requiere hospitalizaci\u00f3n, excepto en los casos de personas inmunodeprimidas y con otras enfermedades. No requiere de pruebas de lsboratorio. Tratamiento Est\u00e1 encaminado al alivio de los s\u00edntomas, con antipir\u00e9ticos para [&hellip;]<\/p>\n","protected":false},"author":208,"featured_media":0,"parent":0,"menu_order":0,"comment_status":"closed","ping_status":"closed","template":"","meta":[],"_links":{"self":[{"href":"https:\/\/blogs.sld.cu\/varicela\/wp-json\/wp\/v2\/pages\/13"}],"collection":[{"href":"https:\/\/blogs.sld.cu\/varicela\/wp-json\/wp\/v2\/pages"}],"about":[{"href":"https:\/\/blogs.sld.cu\/varicela\/wp-json\/wp\/v2\/types\/page"}],"author":[{"embeddable":true,"href":"https:\/\/blogs.sld.cu\/varicela\/wp-json\/wp\/v2\/users\/208"}],"replies":[{"embeddable":true,"href":"https:\/\/blogs.sld.cu\/varicela\/wp-json\/wp\/v2\/comments?post=13"}],"version-history":[{"count":7,"href":"https:\/\/blogs.sld.cu\/varicela\/wp-json\/wp\/v2\/pages\/13\/revisions"}],"predecessor-version":[{"id":135,"href":"https:\/\/blogs.sld.cu\/varicela\/wp-json\/wp\/v2\/pages\/13\/revisions\/135"}],"wp:attachment":[{"href":"https:\/\/blogs.sld.cu\/varicela\/wp-json\/wp\/v2\/media?parent=13"}],"curies":[{"name":"wp","href":"https:\/\/api.w.org\/{rel}","templated":true}]}}