{"id":19,"date":"2022-01-20T09:09:55","date_gmt":"2022-01-20T09:09:55","guid":{"rendered":"https:\/\/blogs.sld.cu\/varicela\/?page_id=19"},"modified":"2022-02-09T03:07:14","modified_gmt":"2022-02-09T03:07:14","slug":"19-2","status":"publish","type":"page","link":"https:\/\/blogs.sld.cu\/varicela\/19-2\/","title":{"rendered":"Prevenci\u00f3n\/Complicaciones"},"content":{"rendered":"<p><img loading=\"lazy\" class=\"alignnone size-medium wp-image-38\" src=\"https:\/\/blogs.sld.cu\/varicela\/files\/2022\/01\/f0149461-300x169.jpg\" alt=\"Vacuna contra la varicela\" width=\"300\" height=\"169\" srcset=\"https:\/\/blogs.sld.cu\/varicela\/files\/2022\/01\/f0149461-300x169.jpg 300w, https:\/\/blogs.sld.cu\/varicela\/files\/2022\/01\/f0149461-250x140.jpg 250w, https:\/\/blogs.sld.cu\/varicela\/files\/2022\/01\/f0149461.jpg 600w\" sizes=\"(max-width: 300px) 100vw, 300px\" \/><\/p>\n<p>La vacunaci\u00f3n es la primera linea de prevenci\u00f3n.<\/p>\n<p>Mantener al paciente limpio y fresco con ropas anchas, que no se peguen al cuerpo para evitar el rascado.<\/p>\n<p>Cortar las u\u00f1as.<\/p>\n<p>Evitar el uso de antipir\u00e9ticos y antipruriticos que no haya indicado el m\u00e9dico.<\/p>\n<h3>Complicaciones<\/h3>\n<p>Aunque la varicela es una enfermedad benigna, a veces aparecen complicaciones en adolescentes y adultos con las defensas bajas (inmunodeprimidos). Las m\u00e1s frecuentes son las infecciones de la piel y del tejido subcut\u00e1neo tambi\u00e9n denominada <strong>impetiginizaci\u00f3n<\/strong>, favorecidas por el rascado de las lesiones. Otra complicaci\u00f3n t\u00edpica es la <strong>neumon\u00eda<\/strong>, que puede ser causada por el propio virus de la varicela o por bacterias. Tambi\u00e9n\u00a0 omplicacicones neurol\u00f3gicas, en especial la ataxia cerebelosa (alteraci\u00f3n del equilibrio y marcha inestable, que suele desaparecer por s\u00ed sola). Son excepcionales las complicaciones m\u00e1s graves como la encefalitis o la fascitis necrotizante.<\/p>\n<p>&nbsp;<\/p>\n<p>Las embarazadas que no han pasado la varicela son especialmente sensibles dado que, adem\u00e1s de tener m\u00e1s riesgo de complicaciones, pueden transmitirla al feto. Cuando la varicela se contrae en los dos primeros trimestres de la gestaci\u00f3n puede causar un aborto o varicela cong\u00e9nita con alteraciones neurol\u00f3gicas, cicatrices en la piel y alteraciones oculares y esquel\u00e9ticas (musculatura). Si la varicela aparece antes o despu\u00e9s del parto puede aparecer en el reci\u00e9n nacido una varicela neonatal grave.<\/p>\n<p>Debe evitarse el uso de aspirina como antipir\u00e9tico, sobre todo en los ni\u00f1os, ya que pueden desarrollar una enfermedad muy grave llamada S\u00edndrome de Reye, que se desconoce su origen.<\/p>\n<p>Ocurre en ni\u00f1os y adolescentes hasta 18 a\u00f1os, con m\u00e1s frecuencia en zonas rurales, es una <strong>encefalopat\u00eda metab\u00f3lica<\/strong> descrita por primera vez en 1963 por <i>Reye<\/i>, pat\u00f3logo australiano, acompa\u00f1ada de infiltraci\u00f3n de grasas en las v\u00edsceras, en particular en el h\u00edgado. Es t\u00edpico que el ni\u00f1o se est\u00e9 recuperando de una virosis y que aparezcan v\u00f3mitos y alteraci\u00f3n en el estado de la conciencia; puede haber hepatomegalia y una importante elevaci\u00f3n de las transaminasas sin ictericia. La enfermedad tiene\u00a0 siguientes fases<i>stadio fase 0<\/i>. Un ni\u00f1o que sigue una recuperaci\u00f3n aparentemente normal de un proceso viral, de repente presenta accesos de n\u00e1useas y v\u00f3mitos, aunque al nivel mental a\u00fan no tiene problemas.<\/p>\n<ul>\n<li><i>Fase1.<\/i> Horas o d\u00edas m\u00e1s tarde el ni\u00f1o puede presentar hiperactividad, letargia o dificultad para mantenerse despierto.<\/li>\n<li><i>Fase2.<\/i> En esta etapa puede aparecer delirio o estupor.<\/li>\n<li><i>Fase 3 a 5. <\/i>Aparecen convulsiones y\/o estado de coma, que puede agravarse hasta llegar a la muerte. Esta puede presentarse s\u00fabitamente. Por eso debe evitarse la aspirina en los menores y j\u00f3venes<\/li>\n<\/ul>\n<h3>.Prevenci\u00f3n<\/h3>\n<p>Para la prevenci\u00f3n se usan las vacunas. activa: vacuna antivaricela<\/p>\n<p>&nbsp;<\/p>\n<p>La vacuna frente al varicela-z\u00f3ster consiste en virus vivos atenuados, lo que se desarroll\u00f3 en Jap\u00f3n en los a\u00f1os 70, aunque no fue autorizada hasta la siguiente d\u00e9cada. Las vacunas comercializadas proceden de la cepa Oka, llamada as\u00ed porque fue aislada de las ves\u00edculas de un ni\u00f1o de tres a\u00f1os con ese apellido. Es una vacuna muy eficaz frente a las formas m\u00e1s graves de varicela. En un 5 % de los vacunados puede aparecer una leve erupci\u00f3n varicelosa, con muy pocas lesiones, dos o tres semanas despu\u00e9s de la vacunaci\u00f3n.\u200b<\/p>\n<p>&nbsp;<\/p>\n<p>La vacuna antivaricela fue introducida en el calendario vacunal de s. Otros pa\u00edses siguieron el ejemplo, como Canad\u00e1, Australia o Alemania. En Espa\u00f1a hacia 2005, se ha optado por vacunar entre los 10-14 a\u00f1os a los que no han pasado la varicela. La vacuna tambi\u00e9n es \u00fatil para evitar o reducir la enfermedad en las personas susceptibles expuestas al virus, si se administra en los tres primeros d\u00edas tras el contacto.19\u200b La vacuna no es aplicable para quienes la han padecido y pretenden evitar segundas y sucesivas reapariciones (herpes z\u00f3ster o culebrilla.<\/p>\n<p>&nbsp;<\/p>\n<p><strong>En\u00a0 Cuba<\/strong> la vacuna de la varicela ha demostrado reducir la incidencia de la enfermedad, sobre todo en sus formas graves, on seguridad, aunque as\u00ed lo parece, que no afecta a la incidencia del herpes z\u00f3ster.<\/p>\n<p>Inmunizaci\u00f3n pasiva: inmunoglobulina<\/p>\n","protected":false},"excerpt":{"rendered":"<p>La vacunaci\u00f3n es la primera linea de prevenci\u00f3n. Mantener al paciente limpio y fresco con ropas anchas, que no se peguen al cuerpo para evitar el rascado. Cortar las u\u00f1as. Evitar el uso de antipir\u00e9ticos y antipruriticos que no haya indicado el m\u00e9dico. Complicaciones Aunque la varicela es una enfermedad benigna, a veces aparecen complicaciones [&hellip;]<\/p>\n","protected":false},"author":208,"featured_media":0,"parent":0,"menu_order":0,"comment_status":"closed","ping_status":"closed","template":"","meta":[],"_links":{"self":[{"href":"https:\/\/blogs.sld.cu\/varicela\/wp-json\/wp\/v2\/pages\/19"}],"collection":[{"href":"https:\/\/blogs.sld.cu\/varicela\/wp-json\/wp\/v2\/pages"}],"about":[{"href":"https:\/\/blogs.sld.cu\/varicela\/wp-json\/wp\/v2\/types\/page"}],"author":[{"embeddable":true,"href":"https:\/\/blogs.sld.cu\/varicela\/wp-json\/wp\/v2\/users\/208"}],"replies":[{"embeddable":true,"href":"https:\/\/blogs.sld.cu\/varicela\/wp-json\/wp\/v2\/comments?post=19"}],"version-history":[{"count":15,"href":"https:\/\/blogs.sld.cu\/varicela\/wp-json\/wp\/v2\/pages\/19\/revisions"}],"predecessor-version":[{"id":133,"href":"https:\/\/blogs.sld.cu\/varicela\/wp-json\/wp\/v2\/pages\/19\/revisions\/133"}],"wp:attachment":[{"href":"https:\/\/blogs.sld.cu\/varicela\/wp-json\/wp\/v2\/media?parent=19"}],"curies":[{"name":"wp","href":"https:\/\/api.w.org\/{rel}","templated":true}]}}