{"id":24,"date":"2022-01-20T09:14:58","date_gmt":"2022-01-20T09:14:58","guid":{"rendered":"https:\/\/blogs.sld.cu\/varicela\/?page_id=24"},"modified":"2022-02-10T03:28:58","modified_gmt":"2022-02-10T03:28:58","slug":"glosario","status":"publish","type":"page","link":"https:\/\/blogs.sld.cu\/varicela\/glosario\/","title":{"rendered":"Glosario"},"content":{"rendered":"<p><strong>T\u00e9rminos m\u00e9dicos relacionados con la varicela y la medicina en general<\/strong><\/p>\n<p><strong>Analg\u00e9sicos Medicamentos para el dolor<\/strong><\/p>\n<p><strong>Antipir\u00e9ticos<\/strong>. medicamentos para bajar la fiebre<strong><br \/>\n<\/strong><\/p>\n<p><strong>Ampollas<\/strong> son sacos llenos de l\u00edquido en la capa externa de la piel. Se forman debido al roce, calor o enfermedades ajgunas virales como la varicela-de la piel. Son m\u00e1s comunes en las manos y los pies. Otro nombre para las <strong>ampollas<\/strong> es ves\u00edcula (generalmente para <strong>ampollas<\/strong> m\u00e1s peque\u00f1as) y bula (para las m\u00e1s grandes<\/p>\n<p>&nbsp;<\/p>\n<p><strong>Exudaci\u00f3n<\/strong>: alida de un l\u00edquido de un cuerpo o del recipiente en que est\u00e1 contenido, por transpiraci\u00f3n o a trav\u00e9s de sus rendijas.<\/p>\n<p>&nbsp;<\/p>\n<p>Pus o suero. El exudado puede contener o no material fibroso o coagulado.<\/p>\n<p><strong>Eritema:<\/strong>\u00a0Enrojecimiento o inflamaci\u00f3n de piel o mucosas, que se produce como consecuencia de la dilataci\u00f3n y congesti\u00f3n de los capilares superficiales.<\/p>\n<p>de la irritaci\u00f3n producida por el rascado repetido de una lesi\u00f3n pruriginosa.<\/p>\n<p>&nbsp;<\/p>\n<p><strong>Estafilococos:<\/strong>\u00a0Microorganismo del g\u00e9nero <em>staphyloccu<\/em><\/p>\n<p>&nbsp;<\/p>\n<p><strong>IgE:<\/strong>\u00a0Prote\u00edna plasm\u00e1tica que comprende menos del 1 % del total de las inmunoglobulinas s\u00e9ricas. En el hombre es responsable de la hipersensibilidad anafil\u00e1ctica, y juega un papel beneficioso en las infecciones parasitarias.<\/p>\n<p><strong>Edema:<\/strong>\u00a0Inflamaci\u00f3n, hinchaz\u00f3n.<\/p>\n<p>Que calman la picaz\u00f3n o picor.<\/p>\n<p><strong>Queratol\u00edticos:<\/strong>\u00a0Productos o sustancias que destruyen la capa m\u00e1s externa de la piel, o sea la capa c\u00f3rnea.<\/p>\n<p>Erupci\u00f3n<\/p>\n<p>Exudado<\/p>\n<p>&nbsp;<\/p>\n<p>P\u00e1pulas es un s\u00f3lido o qu\u00edstico punto planteado en la piel que es de menos de 1 cent\u00edmetro (cm) de ancho. Es un tipo de lesi\u00f3n cut\u00e1nea.<\/p>\n<p>&nbsp;<\/p>\n<p>Peste cristal<\/p>\n<p>Picaz\u00f3n<\/p>\n<p>Prurito<\/p>\n<p>Ves\u00edculas<\/p>\n<p>Viruela. Viruela boba. Viruela loca.<\/p>\n<p>&nbsp;<\/p>\n<p>&nbsp;<\/p>\n<p>&nbsp;<\/p>\n<p>&nbsp;<\/p>\n<p>&nbsp;<\/p>\n<p>&nbsp;<\/p>\n<p>&nbsp;<\/p>\n<p><strong>Analg\u00e9sicos Medicamentos para el dolor<\/strong><\/p>\n<p><strong>\u00a0<\/strong><\/p>\n<p>&nbsp;<\/p>\n<p><strong>Ampollas<\/strong> son sacos llenos de l\u00edquido en la capa externa de la piel. Se forman debido al roce, calor o enfermedades de la piel. Son m\u00e1s comunes en las manos y los pies. Otro nombre para las <strong>ampollas<\/strong> es ves\u00edcula (generalmente para <strong>ampollas<\/strong> m\u00e1s peque\u00f1as) y bula (para las m\u00e1s grandes<\/p>\n<p>&nbsp;<\/p>\n<p><strong>Exudaci\u00f3n<\/strong>: alida de un l\u00edquido de un cuerpo o del recipiente en que est\u00e1 contenido, por transpiraci\u00f3n o a trav\u00e9s de sus rendijas.<\/p>\n<p>&nbsp;<\/p>\n<p>Pus o suero. El exudado puede contener o no material fibroso o coagulado.<\/p>\n<p><strong>Eritema:<\/strong> Enrojecimiento o inflamaci\u00f3n de piel o mucosas, que se produce como consecuencia de la dilataci\u00f3n y congesti\u00f3n de los capilares superficiales.\u00a0 de la irritaci\u00f3n producida por el rascado repetido de una lesi\u00f3n pruriginosa.<\/p>\n<p>&nbsp;<\/p>\n<p><strong>Estafilococos:<\/strong>\u00a0Microorganismo del g\u00e9nero <em>staphyloccu<\/em><\/p>\n<p>&nbsp;<\/p>\n<p><strong>IgE:<\/strong>\u00a0Prote\u00edna plasm\u00e1tica que comprende menos del 1 % del total de las inmunoglobulinas s\u00e9ricas. En el hombre es responsable de la hipersensibilidad anafil\u00e1ctica, y juega un papel beneficioso en las infecciones parasitarias.<\/p>\n<p><strong>Dermatofitos:<\/strong>\u00a0Variantes de hongos muy frecuentes en el medio.<\/p>\n<p><strong>Hiperhidrosis:<\/strong>\u00a0Sudoraci\u00f3n profusa. A veces va seguida de erupci\u00f3n cut<\/p>\n","protected":false},"excerpt":{"rendered":"<p>T\u00e9rminos m\u00e9dicos relacionados con la varicela y la medicina en general Analg\u00e9sicos Medicamentos para el dolor Antipir\u00e9ticos. medicamentos para bajar la fiebre Ampollas son sacos llenos de l\u00edquido en la capa externa de la piel. Se forman debido al roce, calor o enfermedades ajgunas virales como la varicela-de la piel. Son m\u00e1s comunes en las [&hellip;]<\/p>\n","protected":false},"author":208,"featured_media":0,"parent":0,"menu_order":0,"comment_status":"closed","ping_status":"closed","template":"","meta":[],"_links":{"self":[{"href":"https:\/\/blogs.sld.cu\/varicela\/wp-json\/wp\/v2\/pages\/24"}],"collection":[{"href":"https:\/\/blogs.sld.cu\/varicela\/wp-json\/wp\/v2\/pages"}],"about":[{"href":"https:\/\/blogs.sld.cu\/varicela\/wp-json\/wp\/v2\/types\/page"}],"author":[{"embeddable":true,"href":"https:\/\/blogs.sld.cu\/varicela\/wp-json\/wp\/v2\/users\/208"}],"replies":[{"embeddable":true,"href":"https:\/\/blogs.sld.cu\/varicela\/wp-json\/wp\/v2\/comments?post=24"}],"version-history":[{"count":5,"href":"https:\/\/blogs.sld.cu\/varicela\/wp-json\/wp\/v2\/pages\/24\/revisions"}],"predecessor-version":[{"id":140,"href":"https:\/\/blogs.sld.cu\/varicela\/wp-json\/wp\/v2\/pages\/24\/revisions\/140"}],"wp:attachment":[{"href":"https:\/\/blogs.sld.cu\/varicela\/wp-json\/wp\/v2\/media?parent=24"}],"curies":[{"name":"wp","href":"https:\/\/api.w.org\/{rel}","templated":true}]}}