{"id":6,"date":"2022-01-20T08:59:28","date_gmt":"2022-01-20T08:59:28","guid":{"rendered":"https:\/\/blogs.sld.cu\/varicela\/?page_id=6"},"modified":"2022-02-11T18:21:28","modified_gmt":"2022-02-11T18:21:28","slug":"acerca-de","status":"publish","type":"page","link":"https:\/\/blogs.sld.cu\/varicela\/acerca-de\/","title":{"rendered":"Acerca de"},"content":{"rendered":"<p>&nbsp;<\/p>\n<p>La varicela, tambi\u00e9n llamada China, viruela loca, viruela boba o peste cristal. es una enfermedad infecciosa altamente contagiosa, que con la vacunaci\u00f3n, al igual que otras enfermedades,\u00a0 se ve menos, a diferencia de como era en el pasado, que era frecuente que la contrajeran los ni\u00f1os menores de 1o a\u00f1os. Se le llama peste cristal, por el tipo de l\u00edquido\u00a0 que est\u00e1 en el interior de las ves\u00edculas, que cuando las ampollas se rompen forma una costra, ambarina. clara.Este sitio ha sido creado para que la poblaci\u00f3n encuentre informaci\u00f3n sobre esta y otras enfermedades que\u00a0 les ayude a reconocerlas y saber como manejarlas con su m\u00e9dico de la familia si se presenta.<\/p>\n","protected":false},"excerpt":{"rendered":"<p>&nbsp; La varicela, tambi\u00e9n llamada China, viruela loca, viruela boba o peste cristal. es una enfermedad infecciosa altamente contagiosa, que con la vacunaci\u00f3n, al igual que otras enfermedades,\u00a0 se ve menos, a diferencia de como era en el pasado, que era frecuente que la contrajeran los ni\u00f1os menores de 1o a\u00f1os. Se le llama peste [&hellip;]<\/p>\n","protected":false},"author":208,"featured_media":0,"parent":0,"menu_order":0,"comment_status":"closed","ping_status":"closed","template":"","meta":[],"_links":{"self":[{"href":"https:\/\/blogs.sld.cu\/varicela\/wp-json\/wp\/v2\/pages\/6"}],"collection":[{"href":"https:\/\/blogs.sld.cu\/varicela\/wp-json\/wp\/v2\/pages"}],"about":[{"href":"https:\/\/blogs.sld.cu\/varicela\/wp-json\/wp\/v2\/types\/page"}],"author":[{"embeddable":true,"href":"https:\/\/blogs.sld.cu\/varicela\/wp-json\/wp\/v2\/users\/208"}],"replies":[{"embeddable":true,"href":"https:\/\/blogs.sld.cu\/varicela\/wp-json\/wp\/v2\/comments?post=6"}],"version-history":[{"count":9,"href":"https:\/\/blogs.sld.cu\/varicela\/wp-json\/wp\/v2\/pages\/6\/revisions"}],"predecessor-version":[{"id":146,"href":"https:\/\/blogs.sld.cu\/varicela\/wp-json\/wp\/v2\/pages\/6\/revisions\/146"}],"wp:attachment":[{"href":"https:\/\/blogs.sld.cu\/varicela\/wp-json\/wp\/v2\/media?parent=6"}],"curies":[{"name":"wp","href":"https:\/\/api.w.org\/{rel}","templated":true}]}}