{"id":66,"date":"2022-01-28T03:14:32","date_gmt":"2022-01-28T03:14:32","guid":{"rendered":"https:\/\/blogs.sld.cu\/varicela\/?page_id=66"},"modified":"2022-01-31T01:04:02","modified_gmt":"2022-01-31T01:04:02","slug":"preguntss-frecuentes","status":"publish","type":"page","link":"https:\/\/blogs.sld.cu\/varicela\/preguntss-frecuentes\/","title":{"rendered":"Preguntas frecuentes"},"content":{"rendered":"<h3>Sobre varicela<\/h3>\n<p><strong>\u00bfCu\u00e1les son las complicacionesde la varicela?<\/strong><\/p>\n<p>&nbsp;<\/p>\n<ul class=\"i8Z77e\">\n<li class=\"TrT0Xe\">Infecciones bacterianas de la piel o de los tejidos blandos<\/li>\n<li class=\"TrT0Xe\">En ni\u00f1os por el rascado de las lesiones(estas infecciones incluyen las estreptoc\u00f3cicas del grupo A).<\/li>\n<li class=\"TrT0Xe\">Neumon\u00eda.<\/li>\n<li class=\"TrT0Xe\">Infecci\u00f3n o inflamaci\u00f3n del cerebro (encefalitis, ataxia cerebelosa).<\/li>\n<li class=\"TrT0Xe\">Problemas de sangrado.<\/li>\n<\/ul>\n<p><strong>\u00bfC\u00f3mo se puede evitar el rascado?<\/strong><\/p>\n<p>Manteniendo sl paciente limpio y con la piel fresca. Evitar las ropas pegadas al cuerpo.<\/p>\n<p><strong>\u00bfEn uqu\u00e9 <\/strong><strong>parte del cuerpo se ven m\u00e1s las ampollas?<\/strong><\/p>\n<p>En la cabeza y el tronco (pecho y espalda)<\/p>\n<p><strong>\u00bfEs cierto que los ba\u00f1os con cocimiento de hojas de guayaba alivian la picaz\u00f3n?<\/strong><\/p>\n<p><strong>\u00bfQu\u00e9 es el S\u00edndrome de Reye?<\/strong><\/p>\n<p>Es una complicaci\u00f3n poco frecuente pero muy grave que afecta solo a menores de 18 a\u00f1os despu\u00e9s del consumo de aspirina (\u00e1cido acetilsalic\u00edlico). Por lo tanto, no se debe administrar aspirina a los ni\u00f1os con varicela. El s\u00edndrome de Reye puede comenzar de 3 a 8 d\u00edas despu\u00e9s del inicio de la erupci\u00f3n<\/p>\n<div class=\"os0Kkc\">\n<div>\n<div class=\"PZPZlf\" data-attrid=\"kc:\/medicine\/disease:description\">Afecci\u00f3n grave y poco com\u00fan que provoca confusi\u00f3n, inflamaci\u00f3n del cerebro y da\u00f1o hep\u00e1tico.<\/div>\n<\/div>\n<\/div>\n<div class=\"os0Kkc\">\n<div class=\"m6vS6b PZPZlf\" data-attrid=\"kc:\/medicine\/disease:long description\">Los ni\u00f1os que se recuperan de una infecci\u00f3n viral, como la varicela o la gripe, o que tienen un trastorno del metabolismo presentan un riesgo m\u00e1s elevado, especialmente si estuvieron tomando aspirinas.<\/div>\n<div class=\"m6vS6b PZPZlf\" data-attrid=\"kc:\/medicine\/disease:long description\">Los primeros s\u00edntomas incluyen diarrea, ritmo card\u00edaco acelerado, v\u00f3mitos y fatiga intensa. Los s\u00edntomas como la confusi\u00f3n, las convulsiones y la p\u00e9rdida del conocimiento requieren tratamiento m\u00e9dico inmediato.<\/div>\n<div class=\"m6vS6b PZPZlf\" data-attrid=\"kc:\/medicine\/disease:long description\">No hay un tratamiento espec\u00edfico para el s\u00edndrome de Reye, adem\u00e1s de la asistencia y los controles exhaustivos para comprobar que no haya complicaciones.<\/div>\n<\/div>\n<p>&nbsp;<\/p>\n<p>&nbsp;<\/p>\n<p>&nbsp;<\/p>\n","protected":false},"excerpt":{"rendered":"<p>Sobre varicela \u00bfCu\u00e1les son las complicacionesde la varicela? &nbsp; Infecciones bacterianas de la piel o de los tejidos blandos En ni\u00f1os por el rascado de las lesiones(estas infecciones incluyen las estreptoc\u00f3cicas del grupo A). Neumon\u00eda. Infecci\u00f3n o inflamaci\u00f3n del cerebro (encefalitis, ataxia cerebelosa). Problemas de sangrado. \u00bfC\u00f3mo se puede evitar el rascado? Manteniendo sl paciente [&hellip;]<\/p>\n","protected":false},"author":208,"featured_media":0,"parent":0,"menu_order":0,"comment_status":"closed","ping_status":"closed","template":"","meta":[],"_links":{"self":[{"href":"https:\/\/blogs.sld.cu\/varicela\/wp-json\/wp\/v2\/pages\/66"}],"collection":[{"href":"https:\/\/blogs.sld.cu\/varicela\/wp-json\/wp\/v2\/pages"}],"about":[{"href":"https:\/\/blogs.sld.cu\/varicela\/wp-json\/wp\/v2\/types\/page"}],"author":[{"embeddable":true,"href":"https:\/\/blogs.sld.cu\/varicela\/wp-json\/wp\/v2\/users\/208"}],"replies":[{"embeddable":true,"href":"https:\/\/blogs.sld.cu\/varicela\/wp-json\/wp\/v2\/comments?post=66"}],"version-history":[{"count":12,"href":"https:\/\/blogs.sld.cu\/varicela\/wp-json\/wp\/v2\/pages\/66\/revisions"}],"predecessor-version":[{"id":90,"href":"https:\/\/blogs.sld.cu\/varicela\/wp-json\/wp\/v2\/pages\/66\/revisions\/90"}],"wp:attachment":[{"href":"https:\/\/blogs.sld.cu\/varicela\/wp-json\/wp\/v2\/media?parent=66"}],"curies":[{"name":"wp","href":"https:\/\/api.w.org\/{rel}","templated":true}]}}