{"id":93,"date":"2022-01-31T03:17:08","date_gmt":"2022-01-31T03:17:08","guid":{"rendered":"https:\/\/blogs.sld.cu\/varicela\/?page_id=93"},"modified":"2022-02-06T23:43:37","modified_gmt":"2022-02-06T23:43:37","slug":"dr-angel-arturo-escobedo-carbonell","status":"publish","type":"page","link":"https:\/\/blogs.sld.cu\/varicela\/dr-angel-arturo-escobedo-carbonell\/","title":{"rendered":"Dr. \u00c1ngel Arturo Escobedo Carbonell"},"content":{"rendered":"<div class=\"entry_header\">\n<div class=\"pad\"><\/div>\n<div class=\"entry_header_bottom\"><\/div>\n<\/div>\n<div class=\"entry_content entry-content\">\n<div class=\"pad\">\n<div class=\"entry_actions\"><span class=\"edit_entry\"><a class=\"post-edit-link\" title=\"Edit\" href=\"https:\/\/blogs.sld.cu\/giardiasis\/wp-admin\/post.php?post=17&amp;action=edit\">Edit<\/a><\/span><\/div>\n<p><a href=\"http:\/\/blogs.sld.cu\/giardiasis\/files\/2021\/03\/0-06-angel-arturo-escobedo-carbonell2.jpg\"><img loading=\"lazy\" class=\" wp-image-18 alignleft\" src=\"http:\/\/blogs.sld.cu\/giardiasis\/files\/2021\/03\/0-06-angel-arturo-escobedo-carbonell2.jpg\" sizes=\"(max-width: 201px) 100vw, 201px\" srcset=\"https:\/\/blogs.sld.cu\/giardiasis\/files\/2021\/03\/0-06-angel-arturo-escobedo-carbonell2.jpg 398w, https:\/\/blogs.sld.cu\/giardiasis\/files\/2021\/03\/0-06-angel-arturo-escobedo-carbonell2-260x300.jpg 260w\" alt=\"\" width=\"221\" height=\"255\" \/><\/a>Dr. \u00c1ngel Arturo Escobedo Carbonell. Ex-Vice-Presidente de la Sociedad cubana de Microbiolog\u00eda y Parasitolog\u00eda. Especialista de 1ro. y 2do. grados en Microbiolog\u00eda. Master en Epidemiolog\u00eda. Master en Periodismo. Profesor auxiliar de la Universidad de Ciencias M\u00e9dicas de La Habana. Reconocido mundialmente como especialista en Giardiasis.<\/p>\n<p>Editor del Sitio de Giardiasis del Portal de Enfermedades de la Red de Portales de Infomed. Asesor y revisor de otros sitios del Portal de Enfermedades.<\/p>\n<p>&nbsp;<\/p>\n<p>&nbsp;<\/p>\n<p>&nbsp;<\/p>\n<p>&nbsp;<\/p>\n<p>&nbsp;<\/p>\n<p>&nbsp;<\/p>\n<p>&nbsp;<\/p>\n<p>&nbsp;<\/p>\n<\/div>\n<\/div>\n","protected":false},"excerpt":{"rendered":"<p>Edit Dr. \u00c1ngel Arturo Escobedo Carbonell. Ex-Vice-Presidente de la Sociedad cubana de Microbiolog\u00eda y Parasitolog\u00eda. Especialista de 1ro. y 2do. grados en Microbiolog\u00eda. Master en Epidemiolog\u00eda. Master en Periodismo. Profesor auxiliar de la Universidad de Ciencias M\u00e9dicas de La Habana. Reconocido mundialmente como especialista en Giardiasis. Editor del Sitio de Giardiasis del Portal de Enfermedades [&hellip;]<\/p>\n","protected":false},"author":208,"featured_media":0,"parent":0,"menu_order":0,"comment_status":"closed","ping_status":"closed","template":"","meta":[],"_links":{"self":[{"href":"https:\/\/blogs.sld.cu\/varicela\/wp-json\/wp\/v2\/pages\/93"}],"collection":[{"href":"https:\/\/blogs.sld.cu\/varicela\/wp-json\/wp\/v2\/pages"}],"about":[{"href":"https:\/\/blogs.sld.cu\/varicela\/wp-json\/wp\/v2\/types\/page"}],"author":[{"embeddable":true,"href":"https:\/\/blogs.sld.cu\/varicela\/wp-json\/wp\/v2\/users\/208"}],"replies":[{"embeddable":true,"href":"https:\/\/blogs.sld.cu\/varicela\/wp-json\/wp\/v2\/comments?post=93"}],"version-history":[{"count":3,"href":"https:\/\/blogs.sld.cu\/varicela\/wp-json\/wp\/v2\/pages\/93\/revisions"}],"predecessor-version":[{"id":96,"href":"https:\/\/blogs.sld.cu\/varicela\/wp-json\/wp\/v2\/pages\/93\/revisions\/96"}],"wp:attachment":[{"href":"https:\/\/blogs.sld.cu\/varicela\/wp-json\/wp\/v2\/media?parent=93"}],"curies":[{"name":"wp","href":"https:\/\/api.w.org\/{rel}","templated":true}]}}