{"id":19,"date":"2022-08-01T18:49:59","date_gmt":"2022-08-01T18:49:59","guid":{"rendered":"https:\/\/blogs.sld.cu\/varices\/?page_id=19"},"modified":"2023-05-05T02:36:55","modified_gmt":"2023-05-05T02:36:55","slug":"acerca-de","status":"publish","type":"page","link":"https:\/\/blogs.sld.cu\/varices\/acerca-de\/","title":{"rendered":"Acerca de"},"content":{"rendered":"<table class=\"diff is-split-view\">\n<tbody>\n<tr>\n<td class=\"diff-addedline\"><img loading=\"lazy\" class=\"alignnone size-medium wp-image-101\" src=\"https:\/\/blogs.sld.cu\/varices\/files\/2023\/05\/VARICESPIERNASYPIESgettyimages-157561187-2048x2048-1-200x300.jpg\" alt=\"Varices quir\u00fargicas\" width=\"200\" height=\"300\" srcset=\"https:\/\/blogs.sld.cu\/varices\/files\/2023\/05\/VARICESPIERNASYPIESgettyimages-157561187-2048x2048-1-200x300.jpg 200w, https:\/\/blogs.sld.cu\/varices\/files\/2023\/05\/VARICESPIERNASYPIESgettyimages-157561187-2048x2048-1-683x1024.jpg 683w, https:\/\/blogs.sld.cu\/varices\/files\/2023\/05\/VARICESPIERNASYPIESgettyimages-157561187-2048x2048-1-768x1151.jpg 768w, https:\/\/blogs.sld.cu\/varices\/files\/2023\/05\/VARICESPIERNASYPIESgettyimages-157561187-2048x2048-1-1025x1536.jpg 1025w, https:\/\/blogs.sld.cu\/varices\/files\/2023\/05\/VARICESPIERNASYPIESgettyimages-157561187-2048x2048-1-250x375.jpg 250w, https:\/\/blogs.sld.cu\/varices\/files\/2023\/05\/VARICESPIERNASYPIESgettyimages-157561187-2048x2048-1.jpg 1366w\" sizes=\"(max-width: 200px) 100vw, 200px\" \/><\/p>\n<p>Tomada de Getty im\u00e1genes<\/p>\n<p>La sangre oxigenada, sale del coraz\u00f3n para llegar a cada c\u00e9lula de nuestro organismo a trav\u00e9s de vasos arteriales\u00a0 y\u00a0 retorna al mismo por vasos sangu\u00edneos venosos, que llevan la sangre de nuevo al coraz\u00f3n, donde ya purificada, vuelve en su recorrido a llevar de nuevo sangre oxigenada para que las c\u00e9lulas puedan respirar y mantenerse vivas. El mejor ejemplo de reciclaje de materiales es nuestro cuerpo. El retorno de la sangre en subida hacia el coraz\u00f3n, desde las extremidades , ,es en sentido contrario a la gravedad,\u00a0 por lo que las venas de nuestras extremidades tienen v\u00e1lvulas, que miran hacia el coraz\u00f3n e impiden el flujo retrogrado de la sangre. El sistema venoso de las extremidades inferiores, es muy complejo y esta constituido por dos sistemas:<\/p>\n<h3>Sistema venoso profundo<\/h3>\n<h3>Sistema venoso superficial<\/h3>\n<p>sistema venoso profundo, que porta el 90 % de la sangre y que la recoge de los huesos, m\u00fasculos y tejidos acompa\u00f1antes, y el sistema venoso superficial, que la recoge de la piel y sus anexos.<\/p>\n<p>Las varices, o venas varicosas, es una enfermedad del Sistema venoso superficial, y como est\u00e1n\u00a0 hinchadas, tortuosas y dilatadas por la acumulaci\u00f3n de sangre, se hacen tan evidentes.<\/td>\n<\/tr>\n<tr>\n<td class=\"diff-deletedline\"><\/td>\n<td><\/td>\n<\/tr>\n<\/tbody>\n<\/table>\n","protected":false},"excerpt":{"rendered":"<p>Tomada de Getty im\u00e1genes La sangre oxigenada, sale del coraz\u00f3n para llegar a cada c\u00e9lula de nuestro organismo a trav\u00e9s de vasos arteriales\u00a0 y\u00a0 retorna al mismo por vasos sangu\u00edneos venosos, que llevan la sangre de nuevo al coraz\u00f3n, donde ya purificada, vuelve en su recorrido a llevar de nuevo sangre oxigenada para que las [&hellip;]<\/p>\n","protected":false},"author":208,"featured_media":0,"parent":0,"menu_order":0,"comment_status":"closed","ping_status":"closed","template":"","meta":[],"_links":{"self":[{"href":"https:\/\/blogs.sld.cu\/varices\/wp-json\/wp\/v2\/pages\/19"}],"collection":[{"href":"https:\/\/blogs.sld.cu\/varices\/wp-json\/wp\/v2\/pages"}],"about":[{"href":"https:\/\/blogs.sld.cu\/varices\/wp-json\/wp\/v2\/types\/page"}],"author":[{"embeddable":true,"href":"https:\/\/blogs.sld.cu\/varices\/wp-json\/wp\/v2\/users\/208"}],"replies":[{"embeddable":true,"href":"https:\/\/blogs.sld.cu\/varices\/wp-json\/wp\/v2\/comments?post=19"}],"version-history":[{"count":6,"href":"https:\/\/blogs.sld.cu\/varices\/wp-json\/wp\/v2\/pages\/19\/revisions"}],"predecessor-version":[{"id":102,"href":"https:\/\/blogs.sld.cu\/varices\/wp-json\/wp\/v2\/pages\/19\/revisions\/102"}],"wp:attachment":[{"href":"https:\/\/blogs.sld.cu\/varices\/wp-json\/wp\/v2\/media?parent=19"}],"curies":[{"name":"wp","href":"https:\/\/api.w.org\/{rel}","templated":true}]}}