{"id":2,"date":"2022-06-09T16:33:30","date_gmt":"2022-06-09T16:33:30","guid":{"rendered":"https:\/\/blogs.sld.cu\/varices\/?page_id=2"},"modified":"2023-05-15T04:15:56","modified_gmt":"2023-05-15T04:15:56","slug":"pagina-ejemplo","status":"publish","type":"page","link":"https:\/\/blogs.sld.cu\/varices\/pagina-ejemplo\/","title":{"rendered":"Preguntas frecuentes"},"content":{"rendered":"<h2><strong>Sobre Varices<\/strong><\/h2>\n<h3><strong>\u00bfQu\u00e9 son las varices en ara\u00f1a?<\/strong><\/h3>\n<p>Son las microvarices, que tambi\u00e9n se les llama Telangiectasis.<\/p>\n<h3><strong>\u00bfExiste alg\u00fan medicamento oral que las mejore?<\/strong><\/h3>\n<p>Los medicamentos por v\u00eda oral se utilizan para aliviar los s\u00edntomas, pero ningun medicamento por via oral desaparece \u00a0las varices, el tratamiento es la<strong> escleroterapia<\/strong> con un l\u00edquido especial para ello.<\/p>\n<p>&nbsp;<\/p>\n<p>&nbsp;<\/p>\n<p>&nbsp;<\/p>\n<h3><strong>\u00bfPuedo tener una \u00falcera por las varices?<\/strong><\/h3>\n<p>Si, una <strong>\u00fa<\/strong>lcera varicosa es una de las complicaciones que se pueden presentar. Por eso se recomienda en las venas dilatadas la intervenci\u00f3n quir\u00fargica y\/o escleroterapia.<\/p>\n<h3><strong>\u00bfLas medias el\u00e1sticas las mejoran?<\/strong><\/h3>\n<p>Si, las medias el\u00e1sticas son una indicaci\u00f3n para evitar complicaciones, calambres, dolor, al estar\u00a0 de pie.<\/p>\n<p>&nbsp;<\/p>\n","protected":false},"excerpt":{"rendered":"<p>Sobre Varices \u00bfQu\u00e9 son las varices en ara\u00f1a? Son las microvarices, que tambi\u00e9n se les llama Telangiectasis. \u00bfExiste alg\u00fan medicamento oral que las mejore? Los medicamentos por v\u00eda oral se utilizan para aliviar los s\u00edntomas, pero ningun medicamento por via oral desaparece \u00a0las varices, el tratamiento es la escleroterapia con un l\u00edquido especial para ello. [&hellip;]<\/p>\n","protected":false},"author":236,"featured_media":0,"parent":0,"menu_order":0,"comment_status":"closed","ping_status":"open","template":"","meta":[],"_links":{"self":[{"href":"https:\/\/blogs.sld.cu\/varices\/wp-json\/wp\/v2\/pages\/2"}],"collection":[{"href":"https:\/\/blogs.sld.cu\/varices\/wp-json\/wp\/v2\/pages"}],"about":[{"href":"https:\/\/blogs.sld.cu\/varices\/wp-json\/wp\/v2\/types\/page"}],"author":[{"embeddable":true,"href":"https:\/\/blogs.sld.cu\/varices\/wp-json\/wp\/v2\/users\/236"}],"replies":[{"embeddable":true,"href":"https:\/\/blogs.sld.cu\/varices\/wp-json\/wp\/v2\/comments?post=2"}],"version-history":[{"count":5,"href":"https:\/\/blogs.sld.cu\/varices\/wp-json\/wp\/v2\/pages\/2\/revisions"}],"predecessor-version":[{"id":172,"href":"https:\/\/blogs.sld.cu\/varices\/wp-json\/wp\/v2\/pages\/2\/revisions\/172"}],"wp:attachment":[{"href":"https:\/\/blogs.sld.cu\/varices\/wp-json\/wp\/v2\/media?parent=2"}],"curies":[{"name":"wp","href":"https:\/\/api.w.org\/{rel}","templated":true}]}}