{"id":21,"date":"2022-08-01T18:51:34","date_gmt":"2022-08-01T18:51:34","guid":{"rendered":"https:\/\/blogs.sld.cu\/varices\/?page_id=21"},"modified":"2023-05-13T23:28:35","modified_gmt":"2023-05-13T23:28:35","slug":"causas-sintomas","status":"publish","type":"page","link":"https:\/\/blogs.sld.cu\/varices\/causas-sintomas\/","title":{"rendered":"Causas\/Sintomas"},"content":{"rendered":"<h2>Causas<\/h2>\n<p>Las causas de esta enfermedad son variadas, pero la principal, es el sedentarismo, la falta de ejercicios. \u00c9l uso de calzado inapropiado y ropas muy ajustadas.\u00a0 Algunas profesiones que implican estar largo tiempo de pie, sin movilidad, son factores de riesgo, para padecerla. Factores gen\u00e9ticos, y sobre todo la demora en acudir al m\u00e9dico, ya que muchas personas solo ven en ella el aspecto est\u00e9tico, y no acuden a tiempo a\u00a0 su medico de la familia para que lo remita a la consulta de angiolog\u00eda. Y realmente\u00a0 debe pensarse que su circulaci\u00f3n sangu\u00ednea venosa, no esta funcionando bien y que requiere un tratamiento y medidas para detener el avance de la enfermedad y evitar otras complicaciones como\u00a0 ulceras vasculares y afectaciones en la piel .<\/p>\n<h2>S\u00edntomas<\/h2>\n<p>Los\u00a0 s\u00edntomas incluyen, pesadez en la extremidad,entumecimiento,picor, sensacion de calor y\u00a0\u00a0 dolor, que se manifiesta con el avance del dia.<\/p>\n<h2><img loading=\"lazy\" class=\"size-medium wp-image-103 alignleft\" src=\"https:\/\/blogs.sld.cu\/varices\/files\/2023\/05\/VARICESgettyimages-604359653-612x612-1-214x300.jpg\" alt=\"Varices 0 venas varicosas\" width=\"214\" height=\"300\" srcset=\"https:\/\/blogs.sld.cu\/varices\/files\/2023\/05\/VARICESgettyimages-604359653-612x612-1-214x300.jpg 214w, https:\/\/blogs.sld.cu\/varices\/files\/2023\/05\/VARICESgettyimages-604359653-612x612-1-250x350.jpg 250w, https:\/\/blogs.sld.cu\/varices\/files\/2023\/05\/VARICESgettyimages-604359653-612x612-1.jpg 437w\" sizes=\"(max-width: 214px) 100vw, 214px\" \/><\/h2>\n","protected":false},"excerpt":{"rendered":"<p>Causas Las causas de esta enfermedad son variadas, pero la principal, es el sedentarismo, la falta de ejercicios. \u00c9l uso de calzado inapropiado y ropas muy ajustadas.\u00a0 Algunas profesiones que implican estar largo tiempo de pie, sin movilidad, son factores de riesgo, para padecerla. Factores gen\u00e9ticos, y sobre todo la demora en acudir al m\u00e9dico, [&hellip;]<\/p>\n","protected":false},"author":208,"featured_media":0,"parent":0,"menu_order":0,"comment_status":"closed","ping_status":"closed","template":"","meta":[],"_links":{"self":[{"href":"https:\/\/blogs.sld.cu\/varices\/wp-json\/wp\/v2\/pages\/21"}],"collection":[{"href":"https:\/\/blogs.sld.cu\/varices\/wp-json\/wp\/v2\/pages"}],"about":[{"href":"https:\/\/blogs.sld.cu\/varices\/wp-json\/wp\/v2\/types\/page"}],"author":[{"embeddable":true,"href":"https:\/\/blogs.sld.cu\/varices\/wp-json\/wp\/v2\/users\/208"}],"replies":[{"embeddable":true,"href":"https:\/\/blogs.sld.cu\/varices\/wp-json\/wp\/v2\/comments?post=21"}],"version-history":[{"count":12,"href":"https:\/\/blogs.sld.cu\/varices\/wp-json\/wp\/v2\/pages\/21\/revisions"}],"predecessor-version":[{"id":155,"href":"https:\/\/blogs.sld.cu\/varices\/wp-json\/wp\/v2\/pages\/21\/revisions\/155"}],"wp:attachment":[{"href":"https:\/\/blogs.sld.cu\/varices\/wp-json\/wp\/v2\/media?parent=21"}],"curies":[{"name":"wp","href":"https:\/\/api.w.org\/{rel}","templated":true}]}}