{"id":35,"date":"2022-08-12T23:21:45","date_gmt":"2022-08-12T23:21:45","guid":{"rendered":"https:\/\/blogs.sld.cu\/varices\/?page_id=35"},"modified":"2023-05-15T04:26:37","modified_gmt":"2023-05-15T04:26:37","slug":"glosario","status":"publish","type":"page","link":"https:\/\/blogs.sld.cu\/varices\/glosario\/","title":{"rendered":"Glosario"},"content":{"rendered":"<div id=\"main\" class=\"main\" role=\"main\">\n<div id=\"main_bg\">\n<div class=\"pad\">\n<article>\n<div class=\"entry post-22 page type-page status-publish hentry\">\n<div class=\"entry_bg\">\n<div class=\"entry_header\">\n<div class=\"pad\">\n<h1 class=\"entry-title\">Glosario de t\u00e9rminos de Angiolog\u00eda<\/h1>\n<\/div>\n<div class=\"entry_header_bottom\"><\/div>\n<\/div>\n<div class=\"entry_content entry-content\">\n<div class=\"pad\">\n<div class=\"entry_actions\"><span class=\"edit_entry\"><a class=\"post-edit-link\" title=\"Edit\" href=\"https:\/\/blogs.sld.cu\/aneurismadelaaortaabdominal\/wp-admin\/post.php?post=22&amp;action=edit\">Edit<\/a><\/span><\/div>\n<h3>T\u00e9rminos relacionados con Angiologia y cirug\u00eda vascular<\/h3>\n<h3>A<\/h3>\n<p><b>Angiograf\u00eda<\/b><strong>:<\/strong><\/p>\n<p>Angi\u00f3loga y angi\u00f3logo. El profesional femenino o masculino\u00a0 que trata las enfermedades vasculares.<\/p>\n<p>Arterias:<\/p>\n<p>Son vasos sangu\u00edneos que parten del coraz\u00f3n llevando sangre oxigenada y nutrientes, adem\u00e1s de otros componentes, a todos los \u00f3rganos del cuerpo. Son de 4 tama\u00f1os: grandes (el\u00e1sticas) como la aorta. Medianas o tambi\u00e9n llamadas musculares, que tienen nombre, seg\u00fan el \u00f3rgano al que lleguen, Y las arterias peque\u00f1as, y por \u00faltimo, l<b>as arteriolas , <\/b>que son los m\u00e1s peque\u00f1itos y que ayudan a controlar la presi\u00f3n de la sangre, antes de la llegada de esta a los lechos capilares, ya que las delgad\u00edsimas paredes de los capilares, no soportan, presiones elevadas y se romper\u00edan, causando hemorragias.<\/p>\n<h2>B<\/h2>\n<h2>C<\/h2>\n<h2>D<\/h2>\n<h2>E<\/h2>\n<p><strong>Ecocardiograf\u00eda<\/strong><\/p>\n<p><strong>Ecodopler venoso: Tecnica de imagen para el diagnostico de alteraciones en el sistema venoso superficial<\/strong><\/p>\n<p><strong>Ectasia<\/strong><\/p>\n<p><strong>Enfermedad:<\/strong> no es sinonimo de patolog\u00eda, eso es incorrecto, Afecci\u00f3n si es sin\u00f3nimo. Patolog\u00eda es el estudio de las enfermedades, y es una palabra que vviene del griego. Pathos enfermedad, Logos. Estudio de en espa\u00f1ol es la terminaci\u00f3n logia. ej, Angiolog\u00eda, Histolog\u00eda estudio de\u00a0 los tejidos. Muchos profesionales las utilizan como sin\u00f3nimos Patolog\u00eda por Enfermedad, pero no es correcto. El AAA es una afecci\u00f3n, una enfermedad en griego un pathos, en franc\u00e9s una malade , y asi en diferentes idiomas.<\/p>\n<p><strong>Escleroterapia<\/strong><\/p>\n<h2>F<\/h2>\n<p>Femoral<\/p>\n<p>Flebolog\u00eda. Estudio de las venas<\/p>\n<p>Flebotomia: Se hace una incision en la vena para que salga sangre, eran las llamadas sangrias.<\/p>\n<p>G<\/p>\n<h2>H<\/h2>\n<p><strong>Hemorragia<\/strong>: Salida de la sangre del interior de los vasos sangu\u00edneos, al tejido o cavidades circundantes que los contienen.ejemplo.<\/p>\n<p>Es lo que sucede cuando se rompe un vaso y sale\u00a0 que la sangre contenida en el, Ejemplo, La rotura de un aneurisma abdominalse\u00a0 derrama en la cavidad abdominal, provocando una extensa hemorragia. Al derramarse la sangre, no llega a los tejidos que tiene que nutrir y oxigenar, por lo que hay muerte de las c\u00e9lulas. En el ejemplo, deja de llegar sangre a los \u00f3rganos de la cavidad abdominal, a los \u00f3rganos de la pelvis, y a los de las extremidades inferiores, lo que conduce a la muerte.<\/p>\n<p><strong>Hipoxia:\u00a0<\/strong><\/p>\n<h2>I<\/h2>\n<p><strong>Inguinal:<\/strong><\/p>\n<h2>J<\/h2>\n<h2>K<\/h2>\n<h2>L<\/h2>\n<h2>M<\/h2>\n<h2>N<\/h2>\n<h2>O<\/h2>\n<h2>P<\/h2>\n<p>Patolog\u00eda Palabra de origen griego, que quiere decir, estudio de las enfermedades.<\/p>\n<p>Popl\u00edtea: por detr\u00e1s de la rodilla<\/p>\n<h2>Q<\/h2>\n<h2>R<\/h2>\n<h2>S<\/h2>\n<h2>T<\/h2>\n<p>tomia la termerminacion tomia se refiere a\u00a0 quitar por cirugia.<\/p>\n<h2>U<\/h2>\n<h2>V<\/h2>\n<p><strong>valvulas :<\/strong><\/p>\n<p>&lt;venas: vasos sangu\u00edneos que llegan al coraz\u00f3n con la sangre no oxigenada y los metab\u00f3licos de todo el organismo.<\/p>\n<h2>W<\/h2>\n<h2>X<\/h2>\n<h2>Y<\/h2>\n<h2>Z<\/h2>\n<div class=\"spacer\"><\/div>\n<\/div>\n<\/div>\n<div class=\"spacer\"><\/div>\n<\/div>\n<div class=\"entry_bottom\"><\/div>\n<\/div>\n<\/article>\n<\/div>\n<\/div>\n<div id=\"main_bottom\"><\/div>\n<\/div>\n<div id=\"sidebar\" class=\"sidebar\">\n<div class=\"sidebar_top\"><\/div>\n<div class=\"sidebar_bg\">\n<div class=\"widget search-2 widget_search\">\n<div class=\"widget_top\"><\/div>\n<div class=\"widget_bg\">\n<div class=\"pad\">\n<form class=\"searchform\" action=\"https:\/\/blogs.sld.cu\/aneurismadelaaortaabdominal\/\" method=\"get\" name=\"searchform\"><input class=\"s\" name=\"s\" type=\"text\" value=\"\" \/><\/form>\n<\/div>\n<\/div>\n<\/div>\n<\/div>\n<\/div>\n<div id=\"sidebar\" class=\"sidebar\">\n<div class=\"sidebar_bg\">\n<div class=\"widget search-2 widget_search\">\n<div class=\"widget_bottom\"><\/div>\n<\/div>\n<div class=\"widget black-studio-tinymce-2 widget_black_studio_tinymce\">\n<div class=\"widget_top\"><\/div>\n<div class=\"widget_bg\">\n<div class=\"pad\">\n<div class=\"widget_title\">\n<h2>Recursos<\/h2>\n<\/div>\n<div class=\"textwidget\">\n<h3><a href=\"https:\/\/blogs.sld.cu\/aneurismadelaaortaabdominal\/recursos-deinformacion\/\">de\u00a0 informaci\u00f3n<\/a><\/h3>\n<\/div>\n<\/div>\n<\/div>\n<div class=\"widget_bottom\"><\/div>\n<\/div>\n<div class=\"widget black-studio-tinymce-3 widget_black_studio_tinymce\">\n<div class=\"widget_top\"><\/div>\n<div class=\"widget_bg\">\n<div class=\"pad\">\n<div class=\"widget_title\">\n<h2>Consulta con el m\u00e9dico<\/h2>\n<\/div>\n<div class=\"textwidget\">\n<p><a href=\"https:\/\/blogs.sld.cu\/aneurismadelaaortaabdominal\/consulta-con-el-medico\/\"><strong>Tus dudas o interrogantes<\/strong><\/a><\/p>\n<\/div>\n<\/div>\n<\/div>\n<div class=\"widget_bottom\"><\/div>\n<\/div>\n<div class=\"widget black-studio-tinymce-4 widget_black_studio_tinymce\">\n<div class=\"widget_top\"><\/div>\n<div class=\"widget_bg\">\n<div class=\"pad\">\n<div class=\"widget_title\">\n<h2>Glosario<\/h2>\n<\/div>\n<div class=\"textwidget\">\n<p><a href=\"https:\/\/blogs.sld.cu\/aneurismadelaaortaabdominal\/glosario\/\"><img loading=\"lazy\" class=\"alignnone size-full wp-image-201\" src=\"https:\/\/blogs.sld.cu\/aneurismadelaaortaabdominal\/files\/2023\/04\/glosario.jpg\" alt=\"\" width=\"200\" height=\"173\" \/><\/a><\/p>\n<\/div>\n<\/div>\n<\/div>\n<div class=\"widget_bottom\"><\/div>\n<\/div>\n<div class=\"widget black-studio-tinymce-6 widget_black_studio_tinymce\">\n<div class=\"widget_top\"><\/div>\n<div class=\"widget_bg\">\n<div class=\"pad\">\n<div class=\"widget_title\">\n<h2>Preguntas frecuentes<\/h2>\n<\/div>\n<div class=\"textwidget\">\n<p><a href=\"https:\/\/blogs.sld.cu\/aneurismadelaaortaabdominal\/preguntas-frecuentes\/\">sobre AAA<\/a><\/p>\n<p>&nbsp;<\/p>\n<p>&nbsp;<\/p>\n<\/div>\n<\/div>\n<\/div>\n<div class=\"widget_bottom\"><\/div>\n<\/div>\n<div class=\"widget calendar-4 widget_calendar\">\n<div class=\"widget_top\"><\/div>\n<div class=\"widget_bg\">\n<div class=\"pad\">\n<table class=\"wp-calendar\">\n<caption>mayo 2023<\/caption>\n<thead>\n<tr>\n<th title=\"domingo\" scope=\"col\">D<\/th>\n<th title=\"lunes\" scope=\"col\">L<\/th>\n<th title=\"martes\" scope=\"col\">M<\/th>\n<th title=\"mi\u00e9rcoles\" scope=\"col\">X<\/th>\n<th title=\"jueves\" scope=\"col\">J<\/th>\n<th title=\"viernes\" scope=\"col\">V<\/th>\n<th title=\"s\u00e1bado\" scope=\"col\">S<\/th>\n<\/tr>\n<\/thead>\n<tbody>\n<tr>\n<td class=\"pad\" colspan=\"1\"><\/td>\n<td>1<\/td>\n<td>2<\/td>\n<td>3<\/td>\n<td>4<\/td>\n<td>5<\/td>\n<td>6<\/td>\n<\/tr>\n<tr>\n<td>7<\/td>\n<td>8<\/td>\n<td>9<\/td>\n<td>10<\/td>\n<td>11<\/td>\n<td>12<\/td>\n<td id=\"today\">13<\/td>\n<\/tr>\n<tr>\n<td>14<\/td>\n<td>15<\/td>\n<td>16<\/td>\n<td>17<\/td>\n<td>18<\/td>\n<td>19<\/td>\n<td>20<\/td>\n<\/tr>\n<tr>\n<td>21<\/td>\n<td>22<\/td>\n<td>23<\/td>\n<td>24<\/td>\n<td>25<\/td>\n<td>26<\/td>\n<td>27<\/td>\n<\/tr>\n<tr>\n<td>28<\/td>\n<td>29<\/td>\n<td>30<\/td>\n<td>31<\/td>\n<td class=\"pad\" colspan=\"3\"><\/td>\n<\/tr>\n<\/tbody>\n<\/table>\n<nav class=\"wp-calendar-nav\" aria-label=\"Meses anteriores y posteriores\"><span class=\"wp-calendar-nav-prev\"><a href=\"https:\/\/blogs.sld.cu\/aneurismadelaaortaabdominal\/2022\/06\/\">\u00ab Jun<\/a><\/span> <span class=\"pad\">\u00a0<\/span> <span class=\"wp-calendar-nav-next\">\u00a0<\/span><\/nav>\n<\/div>\n<\/div>\n<div class=\"widget_bottom\"><\/div>\n<\/div>\n<div class=\"widget black-studio-tinymce-5 widget_black_studio_tinymce\">\n<div class=\"widget_top\"><\/div>\n<div class=\"widget_bg\">\n<div class=\"pad\">\n<div class=\"widget_title\">\n<h2>Actualizaci\u00f3n<\/h2>\n<\/div>\n<div class=\"textwidget\">\n<p>creado: 9 de junio del 2022<\/p>\n<p>Actualizado: 21 de abril 2023<\/p>\n<\/div>\n<\/div>\n<\/div>\n<div class=\"widget_bottom\"><\/div>\n<\/div>\n<\/div>\n<div class=\"sidebar_bottom\"><\/div>\n<\/div>\n<div class=\"spacer\"><\/div>\n<div id=\"footer\"><\/div>\n","protected":false},"excerpt":{"rendered":"<p>Glosario de t\u00e9rminos de Angiolog\u00eda Edit T\u00e9rminos relacionados con Angiologia y cirug\u00eda vascular A Angiograf\u00eda: Angi\u00f3loga y angi\u00f3logo. El profesional femenino o masculino\u00a0 que trata las enfermedades vasculares. Arterias: Son vasos sangu\u00edneos que parten del coraz\u00f3n llevando sangre oxigenada y nutrientes, adem\u00e1s de otros componentes, a todos los \u00f3rganos del cuerpo. Son de 4 tama\u00f1os: [&hellip;]<\/p>\n","protected":false},"author":208,"featured_media":0,"parent":0,"menu_order":0,"comment_status":"closed","ping_status":"closed","template":"","meta":[],"_links":{"self":[{"href":"https:\/\/blogs.sld.cu\/varices\/wp-json\/wp\/v2\/pages\/35"}],"collection":[{"href":"https:\/\/blogs.sld.cu\/varices\/wp-json\/wp\/v2\/pages"}],"about":[{"href":"https:\/\/blogs.sld.cu\/varices\/wp-json\/wp\/v2\/types\/page"}],"author":[{"embeddable":true,"href":"https:\/\/blogs.sld.cu\/varices\/wp-json\/wp\/v2\/users\/208"}],"replies":[{"embeddable":true,"href":"https:\/\/blogs.sld.cu\/varices\/wp-json\/wp\/v2\/comments?post=35"}],"version-history":[{"count":5,"href":"https:\/\/blogs.sld.cu\/varices\/wp-json\/wp\/v2\/pages\/35\/revisions"}],"predecessor-version":[{"id":173,"href":"https:\/\/blogs.sld.cu\/varices\/wp-json\/wp\/v2\/pages\/35\/revisions\/173"}],"wp:attachment":[{"href":"https:\/\/blogs.sld.cu\/varices\/wp-json\/wp\/v2\/media?parent=35"}],"curies":[{"name":"wp","href":"https:\/\/api.w.org\/{rel}","templated":true}]}}