{"id":42,"date":"2022-08-20T18:49:10","date_gmt":"2022-08-20T18:49:10","guid":{"rendered":"https:\/\/blogs.sld.cu\/varices\/?page_id=42"},"modified":"2023-05-13T01:55:51","modified_gmt":"2023-05-13T01:55:51","slug":"diagnostico-tratamiento","status":"publish","type":"page","link":"https:\/\/blogs.sld.cu\/varices\/diagnostico-tratamiento\/","title":{"rendered":"Diagn\u00f3stico\/Tratamiento"},"content":{"rendered":"<h3>Diagn\u00f3stico<\/h3>\n<p><img loading=\"lazy\" class=\"alignnone size-medium wp-image-88\" src=\"https:\/\/blogs.sld.cu\/varices\/files\/2023\/05\/consulta-de-angiologiamontequinnnnnnnn-294x300.jpg\" alt=\"\" width=\"294\" height=\"300\" srcset=\"https:\/\/blogs.sld.cu\/varices\/files\/2023\/05\/consulta-de-angiologiamontequinnnnnnnn-294x300.jpg 294w, https:\/\/blogs.sld.cu\/varices\/files\/2023\/05\/consulta-de-angiologiamontequinnnnnnnn-250x255.jpg 250w, https:\/\/blogs.sld.cu\/varices\/files\/2023\/05\/consulta-de-angiologiamontequinnnnnnnn.jpg 559w\" sizes=\"(max-width: 294px) 100vw, 294px\" \/><\/p>\n<p>Es principalmente cl\u00ednico, por inspecci\u00f3n de las extremidades inferiores del paciente.<\/p>\n<h3>Tratamiento<\/h3>\n<p>Cirugia con Laser y<\/p>\n<p>&nbsp;<\/p>\n<p><img loading=\"lazy\" class=\"alignnone size-medium wp-image-83\" src=\"https:\/\/blogs.sld.cu\/varices\/files\/2023\/05\/imagen_2023-05-03_022800395-300x205.png\" alt=\"\" width=\"300\" height=\"205\" srcset=\"https:\/\/blogs.sld.cu\/varices\/files\/2023\/05\/imagen_2023-05-03_022800395-300x205.png 300w, https:\/\/blogs.sld.cu\/varices\/files\/2023\/05\/imagen_2023-05-03_022800395-250x171.png 250w, https:\/\/blogs.sld.cu\/varices\/files\/2023\/05\/imagen_2023-05-03_022800395.png 393w\" sizes=\"(max-width: 300px) 100vw, 300px\" \/><\/p>\n<h4>Imagen tomada de la portada del libro Tratamiento de las varices del <a href=\"https:\/\/www.carlosvaqueropuerta.com\/\">Dr. Carlos Vaquero Puerta<\/a><\/h4>\n<p>&nbsp;<\/p>\n","protected":false},"excerpt":{"rendered":"<p>Diagn\u00f3stico Es principalmente cl\u00ednico, por inspecci\u00f3n de las extremidades inferiores del paciente. Tratamiento Cirugia con Laser y &nbsp; Imagen tomada de la portada del libro Tratamiento de las varices del Dr. Carlos Vaquero Puerta &nbsp;<\/p>\n","protected":false},"author":208,"featured_media":0,"parent":0,"menu_order":0,"comment_status":"closed","ping_status":"closed","template":"","meta":[],"_links":{"self":[{"href":"https:\/\/blogs.sld.cu\/varices\/wp-json\/wp\/v2\/pages\/42"}],"collection":[{"href":"https:\/\/blogs.sld.cu\/varices\/wp-json\/wp\/v2\/pages"}],"about":[{"href":"https:\/\/blogs.sld.cu\/varices\/wp-json\/wp\/v2\/types\/page"}],"author":[{"embeddable":true,"href":"https:\/\/blogs.sld.cu\/varices\/wp-json\/wp\/v2\/users\/208"}],"replies":[{"embeddable":true,"href":"https:\/\/blogs.sld.cu\/varices\/wp-json\/wp\/v2\/comments?post=42"}],"version-history":[{"count":7,"href":"https:\/\/blogs.sld.cu\/varices\/wp-json\/wp\/v2\/pages\/42\/revisions"}],"predecessor-version":[{"id":150,"href":"https:\/\/blogs.sld.cu\/varices\/wp-json\/wp\/v2\/pages\/42\/revisions\/150"}],"wp:attachment":[{"href":"https:\/\/blogs.sld.cu\/varices\/wp-json\/wp\/v2\/media?parent=42"}],"curies":[{"name":"wp","href":"https:\/\/api.w.org\/{rel}","templated":true}]}}