{"id":6,"date":"2022-06-09T16:39:06","date_gmt":"2022-06-09T16:39:06","guid":{"rendered":"https:\/\/blogs.sld.cu\/varices\/?page_id=6"},"modified":"2023-05-14T03:34:41","modified_gmt":"2023-05-14T03:34:41","slug":"contacto","status":"publish","type":"page","link":"https:\/\/blogs.sld.cu\/varices\/contacto\/","title":{"rendered":"Contacto"},"content":{"rendered":"<div role=\"form\" class=\"wpcf7\" id=\"wpcf7-f9-o1\" lang=\"es-ES\" dir=\"ltr\">\n<div class=\"screen-reader-response\"><p role=\"status\" aria-live=\"polite\" aria-atomic=\"true\"><\/p> <ul><\/ul><\/div>\n<form action=\"\/varices\/wp-json\/wp\/v2\/pages\/6#wpcf7-f9-o1\" method=\"post\" class=\"wpcf7-form init\" novalidate=\"novalidate\" data-status=\"init\">\n<div style=\"display: none;\">\n<input type=\"hidden\" name=\"_wpcf7\" value=\"9\" \/>\n<input type=\"hidden\" name=\"_wpcf7_version\" value=\"5.5.6\" \/>\n<input type=\"hidden\" name=\"_wpcf7_locale\" value=\"es_ES\" \/>\n<input type=\"hidden\" name=\"_wpcf7_unit_tag\" value=\"wpcf7-f9-o1\" \/>\n<input type=\"hidden\" name=\"_wpcf7_container_post\" value=\"0\" \/>\n<input type=\"hidden\" name=\"_wpcf7_posted_data_hash\" value=\"\" \/>\n<\/div>\n<p>Tu nombre (requerido)<br \/>\n    <span class=\"wpcf7-form-control-wrap your-name\"><input type=\"text\" name=\"your-name\" value=\"\" size=\"40\" class=\"wpcf7-form-control wpcf7-text wpcf7-validates-as-required\" aria-required=\"true\" aria-invalid=\"false\" \/><\/span> <\/p>\n<p>Tu Email (requerido)<br \/>\n    <span class=\"wpcf7-form-control-wrap your-email\"><input type=\"email\" name=\"your-email\" value=\"\" size=\"40\" class=\"wpcf7-form-control wpcf7-text wpcf7-email wpcf7-validates-as-required wpcf7-validates-as-email\" aria-required=\"true\" aria-invalid=\"false\" \/><\/span> <\/p>\n<p>Asunto<br \/>\n    <span class=\"wpcf7-form-control-wrap your-subject\"><input type=\"text\" name=\"your-subject\" value=\"\" size=\"40\" class=\"wpcf7-form-control wpcf7-text\" aria-invalid=\"false\" \/><\/span> <\/p>\n<p>Tu Mensaje<br \/>\n    <span class=\"wpcf7-form-control-wrap your-message\"><textarea name=\"your-message\" cols=\"40\" rows=\"10\" class=\"wpcf7-form-control wpcf7-textarea\" aria-invalid=\"false\"><\/textarea><\/span> <\/p>\n<p><input type=\"submit\" value=\"Enviar\" class=\"wpcf7-form-control has-spinner wpcf7-submit\" \/><\/p>\n<p style=\"display: none !important;\"><label>&#916;<textarea name=\"_wpcf7_ak_hp_textarea\" cols=\"45\" rows=\"8\" maxlength=\"100\"><\/textarea><\/label><input type=\"hidden\" id=\"ak_js_1\" name=\"_wpcf7_ak_js\" value=\"9\"\/><script>document.getElementById( \"ak_js_1\" ).setAttribute( \"value\", ( new Date() ).getTime() );<\/script><\/p><div class=\"wpcf7-response-output\" aria-hidden=\"true\"><\/div><\/form><\/div>\n<p><img loading=\"lazy\" class=\"alignnone wp-image-55\" src=\"https:\/\/blogs.sld.cu\/varices\/files\/2023\/04\/FB_IMG_1676847673186_kindlephoto-3079645.jpg\" alt=\"\" width=\"484\" height=\"613\" \/><\/p>\n<h3>Dr.C. Jos\u00e9 Ignacio Fern\u00e1ndez Montequin<\/h3>\n<p>Doctor en Ciencias.Especialista de Primer y Segundo grado en Angiolog\u00eda y Cirug\u00eda vascular. Profesor titular y consultante de la Universidad de Ciencias m\u00e9dicas de La Habana. Investigador titular del Instituto de Angiolog\u00eda y cirug\u00eda vascular. Director fundador en el 2000 de la Revista cubana de Angiolog\u00eda y Cirug\u00eda vascular. Director del INACV de 1995-200<\/p>\n<p>Pionero en la aplicaci\u00f3n del Heberprot.p en Cuba y en el mundo. Miembro del ejecutivo del Colegio m\u00e9dico Internacional de Angiolog\u00eda i Cirug\u00eda vascular. Premio Anual de la Salud de Cuba 2021. Expresidente de la Sociedad cubana de Angiologia y cirugia vascular de Cuba.<\/p>\n<p>Editor de 4 sitios web del Portal de Enfermedades de Infomed.<\/p>\n<p><a href=\"https:\/\/blogs.sld.cu\/ttopiediabetico\" target=\"_blank\" rel=\"noopener\">Tratamiento m\u00e8edico quir\u00e8urgico del pie diab\u00e8tico.<\/a><\/p>\n<p><a href=\"https:\/\/blogs.sld.cu\/aneurismadelaaortaabdominal\" target=\"_blank\" rel=\"noopener\">Aneurisma de la aorta abdominal<\/a><\/p>\n<p>Trombosis venosa ( en desarrollo)<\/p>\n<p>Varices o venas varicosas<\/p>\n<p>&nbsp;<\/p>\n<p>&nbsp;<\/p>\n<p>&nbsp;<\/p>\n","protected":false},"excerpt":{"rendered":"<p>Dr.C. Jos\u00e9 Ignacio Fern\u00e1ndez Montequin Doctor en Ciencias.Especialista de Primer y Segundo grado en Angiolog\u00eda y Cirug\u00eda vascular. Profesor titular y consultante de la Universidad de Ciencias m\u00e9dicas de La Habana. Investigador titular del Instituto de Angiolog\u00eda y cirug\u00eda vascular. Director fundador en el 2000 de la Revista cubana de Angiolog\u00eda y Cirug\u00eda vascular. Director [&hellip;]<\/p>\n","protected":false},"author":189,"featured_media":0,"parent":0,"menu_order":0,"comment_status":"closed","ping_status":"closed","template":"","meta":[],"_links":{"self":[{"href":"https:\/\/blogs.sld.cu\/varices\/wp-json\/wp\/v2\/pages\/6"}],"collection":[{"href":"https:\/\/blogs.sld.cu\/varices\/wp-json\/wp\/v2\/pages"}],"about":[{"href":"https:\/\/blogs.sld.cu\/varices\/wp-json\/wp\/v2\/types\/page"}],"author":[{"embeddable":true,"href":"https:\/\/blogs.sld.cu\/varices\/wp-json\/wp\/v2\/users\/189"}],"replies":[{"embeddable":true,"href":"https:\/\/blogs.sld.cu\/varices\/wp-json\/wp\/v2\/comments?post=6"}],"version-history":[{"count":14,"href":"https:\/\/blogs.sld.cu\/varices\/wp-json\/wp\/v2\/pages\/6\/revisions"}],"predecessor-version":[{"id":169,"href":"https:\/\/blogs.sld.cu\/varices\/wp-json\/wp\/v2\/pages\/6\/revisions\/169"}],"wp:attachment":[{"href":"https:\/\/blogs.sld.cu\/varices\/wp-json\/wp\/v2\/media?parent=6"}],"curies":[{"name":"wp","href":"https:\/\/api.w.org\/{rel}","templated":true}]}}