{"id":13,"date":"2008-03-07T17:49:18","date_gmt":"2008-03-07T21:49:18","guid":{"rendered":"http:\/\/blogviejo.sld.cu\/violeta\/algo-general\/"},"modified":"2008-03-07T17:49:18","modified_gmt":"2008-03-07T21:49:18","slug":"algo-general","status":"publish","type":"page","link":"https:\/\/blogs.sld.cu\/violeta\/algo-general\/","title":{"rendered":"Qu\u00e9 significa Blog?"},"content":{"rendered":"<p><span>Blog &#8221; es una abreviatura de &#8220;weblog&#8221; (bit\u00e1cora web, literalmente), es un t\u00e9rmino usado para describir sitios Web que mantienen informaci\u00f3n cronol\u00f3gica y que se renueva constantemente. <\/span><span>Un blog se actualiza frecuentemente, y el autor del blog publica art\u00edculos, enlaces a otros sitios Web y ofrece la posibilidad de que el resto de la gente realice comentarios a sus ideas. La gama de Blogs abarca amplios temas como tambi\u00e9n puede centrarse en un tema espec\u00edfico. <\/span><\/p>\n<p><span>Muchos blogs se enfocan en un tema en particular, tales como internet, pol\u00edtica, deportes o noticias. Algunos son bastante tajantes en sus posturas, y otros no son nada m\u00e1s que bit\u00e1coras personales, que presentan la vida diaria del autor, sus ideas e intereses. <\/span><\/p>\n<p><span>Generalmente, los blogs tienen algunas cosas en com\u00fan: <\/span><\/p>\n<ul>\n<li class=\"MsoNormal\"><span>Un \u00e1rea de contenido      principal con art\u00edculos listados cronol\u00f3gicamente, donde los m\u00e1s nuevos se      muestran primero que los dem\u00e1s. <\/span><span>A menudo los art\u00edculos      son organizados en categor\u00edas. <\/span><\/li>\n<li class=\"MsoNormal\"><span>Un archivo hist\u00f3rico      de los art\u00edculos antiguos. <\/span><\/li>\n<li class=\"MsoNormal\"><span>Un m\u00e9todo para que      las personas escriban comentarios acerca de los art\u00edculos. <\/span><\/li>\n<li class=\"MsoNormal\"><span>Una lista de v\u00ednculos      o enlaces (links) a otros sitios relacionados, a veces denominados      &#8220;blogroll&#8221;. <\/span><\/li>\n<li class=\"MsoNormal\"><span>Uno o m\u00e1s archivos de      &#8220;<\/span><strong><span>feeds<\/span><\/strong><span>&#8221; tales como RSS, Atom o RDF. <\/span><\/li>\n<\/ul>\n<p><span>Algunos blogs pueden tener <strong>caracter\u00edsticas adicionales<\/strong> a las anteriores. <\/span><\/p>\n<p><strong><span>Nota<\/span><\/strong><span>: Un <\/span><strong><span>Feed<\/span><\/strong><span> es una funci\u00f3n de software que permite a los &#8220;lectores de Feed&#8221; (herramientas autom\u00e1ticas de software) acceder a un sitio autom\u00e1ticamente, mirar si hay contenido nuevo, y luego &#8220;postear&#8221; la informaci\u00f3n sobre el contenido nuevo y sus actualizaciones hacia otro sitio.  Esto proporciona una manera para que los usuarios siempre mantengan la \u00faltima versi\u00f3n de la informaci\u00f3n publicada en los diferentes sitios de blogging. Algunos Feeds incluyen archivos RSS (&#8220;Rich Site Summary&#8221; o &#8220;Really Simple Syndication&#8221;), Atom o RDF. (<\/span><span>Dave Shea, autor del blog <\/span><span><a title=\"http:\/\/mezzoblue.com\" href=\"http:\/\/mezzoblue.com\/\"><strong><span>Mezzoblue<\/span><\/strong><\/a><\/span><span class=\"urlexpansion1\"><span> (<em>http:\/\/mezzoblue.com<\/em>)<\/span><\/span><span> escribi\u00f3 <\/span><span><a title=\"http:\/\/www.mezzoblue.com\/archives\/2004\/05\/19\/what is rssx\/\" href=\"http:\/\/www.mezzoblue.com\/archives\/2004\/05\/19\/what_is_rssx\/\"><strong><span>un resumen<\/span><\/strong><\/a><\/span><span class=\"urlexpansion1\"><span> (<em>http:\/\/www.mezzoblue.com\/archives\/2004\/05\/19\/what_is_rssx\/<\/em>)<\/span><\/span><span> de feeds) <\/span><\/p>\n","protected":false},"excerpt":{"rendered":"<p>Blog &#8221; es una abreviatura de &#8220;weblog&#8221; (bit\u00e1cora web, literalmente), es un t\u00e9rmino usado para describir sitios Web que mantienen informaci\u00f3n cronol\u00f3gica y que se renueva constantemente. Un blog se actualiza frecuentemente, y el autor del blog publica art\u00edculos, enlaces a otros sitios Web y ofrece la posibilidad de que el resto de la gente [&hellip;]<\/p>\n","protected":false},"author":112,"featured_media":0,"parent":0,"menu_order":0,"comment_status":"open","ping_status":"open","template":"","meta":[],"_links":{"self":[{"href":"https:\/\/blogs.sld.cu\/violeta\/wp-json\/wp\/v2\/pages\/13"}],"collection":[{"href":"https:\/\/blogs.sld.cu\/violeta\/wp-json\/wp\/v2\/pages"}],"about":[{"href":"https:\/\/blogs.sld.cu\/violeta\/wp-json\/wp\/v2\/types\/page"}],"author":[{"embeddable":true,"href":"https:\/\/blogs.sld.cu\/violeta\/wp-json\/wp\/v2\/users\/112"}],"replies":[{"embeddable":true,"href":"https:\/\/blogs.sld.cu\/violeta\/wp-json\/wp\/v2\/comments?post=13"}],"version-history":[{"count":0,"href":"https:\/\/blogs.sld.cu\/violeta\/wp-json\/wp\/v2\/pages\/13\/revisions"}],"wp:attachment":[{"href":"https:\/\/blogs.sld.cu\/violeta\/wp-json\/wp\/v2\/media?parent=13"}],"curies":[{"name":"wp","href":"https:\/\/api.w.org\/{rel}","templated":true}]}}