{"id":21,"date":"2008-03-10T14:16:56","date_gmt":"2008-03-10T18:16:56","guid":{"rendered":"http:\/\/blogviejo.sld.cu\/violeta\/el-contenido-de-un-blog\/"},"modified":"2008-03-10T14:16:56","modified_gmt":"2008-03-10T18:16:56","slug":"el-contenido-de-un-blog","status":"publish","type":"page","link":"https:\/\/blogs.sld.cu\/violeta\/el-contenido-de-un-blog\/","title":{"rendered":"Qu\u00e9 contienen?"},"content":{"rendered":"<ol>\n<li><span>El Contenido es la raz\u00f3n de existir para cualquier sitio Web.<br \/>\n<\/span><\/li>\n<li><span>Los sitios de universidades contienen la informaci\u00f3n sobre sus <strong>campus<\/strong>, <strong>planes de estudios, y facultades<\/strong>.<br \/>\n<\/span><\/li>\n<li><span>Los sitios de noticias muestran las \u00faltimas <strong>novedades<\/strong>.<br \/>\n<\/span><\/li>\n<li><span>Sin un contenido actualizado, no hay raz\u00f3n para visitar un sitio web m\u00e1s de una vez. <\/span><\/li>\n<li><span>En un blog, el contenido son los art\u00edculos (tambi\u00e9n llamados <\/span><span><a title=\"Glossary\" href=\"http:\/\/codex.wordpress.org\/Glossary#Post\"><strong><span>&#8220;posts&#8221;<\/span><\/strong><\/a><\/span><span> o &#8220;entradas&#8221;) que el autor escribe.<br \/>\n<\/span><\/li>\n<li><span>Algunos blogs tienen m\u00faltiples autores, donde cada uno escribe sus propios art\u00edculos. Tipicamente, los autores componen sus art\u00edculos en una interfaz web, constru\u00edda en el mismo sistema blog. <\/span><\/li>\n<li><span>Algunos sistemas de blogging tambi\u00e9n soportan el uso de <\/span><span><a title=\"Weblog Client\" href=\"http:\/\/codex.wordpress.org\/Weblog_Client\"><strong><span>stand-alone &#8220;weblog client&#8221; software<\/span><\/strong><\/a><\/span><span>, donde se permite escribir art\u00edculos offline, y subirlos desp\u00faes de un tiempo.<\/span><\/li>\n<li><span>Existen complementos o plugins en los navegadores, como en Mozilla, que le permite escribir en su blog sin necesidad de entrar a \u00e9l, desde cualquier p\u00e1gina, ejemplo: <a href=\"https:\/\/addons.mozilla.org\/es-ES\/firefox\/search\/?q=ScribeFire&amp;appver=4.0&amp;platform=windows\"><strong>ScribeFire<\/strong><\/a><br \/>\n<\/span><\/li>\n<\/ol>\n","protected":false},"excerpt":{"rendered":"<p>El Contenido es la raz\u00f3n de existir para cualquier sitio Web. Los sitios de universidades contienen la informaci\u00f3n sobre sus campus, planes de estudios, y facultades. Los sitios de noticias muestran las \u00faltimas novedades. Sin un contenido actualizado, no hay raz\u00f3n para visitar un sitio web m\u00e1s de una vez. En un blog, el contenido [&hellip;]<\/p>\n","protected":false},"author":112,"featured_media":0,"parent":0,"menu_order":0,"comment_status":"open","ping_status":"open","template":"","meta":[],"_links":{"self":[{"href":"https:\/\/blogs.sld.cu\/violeta\/wp-json\/wp\/v2\/pages\/21"}],"collection":[{"href":"https:\/\/blogs.sld.cu\/violeta\/wp-json\/wp\/v2\/pages"}],"about":[{"href":"https:\/\/blogs.sld.cu\/violeta\/wp-json\/wp\/v2\/types\/page"}],"author":[{"embeddable":true,"href":"https:\/\/blogs.sld.cu\/violeta\/wp-json\/wp\/v2\/users\/112"}],"replies":[{"embeddable":true,"href":"https:\/\/blogs.sld.cu\/violeta\/wp-json\/wp\/v2\/comments?post=21"}],"version-history":[{"count":0,"href":"https:\/\/blogs.sld.cu\/violeta\/wp-json\/wp\/v2\/pages\/21\/revisions"}],"wp:attachment":[{"href":"https:\/\/blogs.sld.cu\/violeta\/wp-json\/wp\/v2\/media?parent=21"}],"curies":[{"name":"wp","href":"https:\/\/api.w.org\/{rel}","templated":true}]}}