{"id":23,"date":"2008-03-10T14:18:29","date_gmt":"2008-03-10T18:18:29","guid":{"rendered":"http:\/\/blogviejo.sld.cu\/violeta\/diferencia-entre-un-blog-y-un-cms\/"},"modified":"2014-06-27T21:00:57","modified_gmt":"2014-06-27T21:00:57","slug":"diferencia-entre-un-blog-y-un-cms","status":"publish","type":"page","link":"https:\/\/blogs.sld.cu\/violeta\/diferencia-entre-un-blog-y-un-cms\/","title":{"rendered":"Diferencia entre un Blog y un CMS"},"content":{"rendered":"<p><span>El programa o software que provee un m\u00e9todo para administrar un sitio web es llamado CMS o <\/span><span><a title=\"Glossary\" href=\"http:\/\/codex.wordpress.org\/User:Lastnode\/Wordpress_CMS\"><strong><span>&#8220;Content Management System&#8221;<\/span><\/strong><\/a><\/span><span>. <\/span><\/p>\n<p><span>Muchos programas de blogging son considerados un tipo espec\u00edfico de CMS, ellos proporcionan las caracter\u00edsticas requeridas para crear y mantener un blog, y hacen la publicaci\u00f3n en Internet tan simple como escribir el art\u00edculo, el t\u00edtulo y organizarlo bajo una o m\u00e1s categor\u00edas. Mientras algunos programas CMS ofrecen caracter\u00edsticas avanzadas, una herramienta b\u00e1sica de blogging suministra una interfaz donde su puede trabajar de manera f\u00e1cil e intuitiva, mientras que la herramienta maneja la l\u00f3gica que hay detr\u00e1s. En otras palabras, s\u00f3lo es necesario enfocarse en escribir y la herramienta se encarga del resto. <\/span><span>WordPress es una de las herramientas m\u00e1s avanzadas que provee un conjunto de <\/span><span><strong><span>caracter\u00edsticas;<\/span><\/strong><\/span><span> por ejemplo la <\/span><span><strong><span>interfaz administrativa<\/span><\/strong><\/span><span>, all\u00ed se puede fijar las opciones para el comportamiento y la presentaci\u00f3n del blog, por medio de esta\u00a0<strong><\/strong><\/span><span><strong><span>interfaz administrativa<\/span><\/strong><\/span><span> se puede f\u00e1cilmente componer un <\/span><span><strong><span>post<\/span><\/strong><\/span><span>, presionar una orden como publicar y este ser\u00e1 visto en el la Web instant\u00e1neamente. WordPress se preocupa que los posts en el blog luzcan bien y el c\u00f3digo html generado est\u00e9 conforme a los est\u00e1ndares web. <\/span><\/p>\n<p><span>Si est\u00e1s comenzando ahora, lee <\/span><span><a title=\"Getting Started with WordPress\" href=\"http:\/\/codex.wordpress.org\/Getting_Started_with_WordPress\"><strong><span>Empezando con WordPress<\/span><\/strong><\/a><\/span><span>, el cual contiene la informaci\u00f3n de c\u00f3mo obtener WordPress, la instalaci\u00f3n y puesta en marcha, as\u00ed como tambi\u00e9n la informaci\u00f3n b\u00e1sica para crear nuevos posts o editar los existentes. <\/span><\/p>\n<p><span>Podemos a\u00f1adir algunas propiedades de\u00a0 las P\u00e1gina.<br \/>\n<\/span><\/p>\n<ul>\n<li>Las <strong>P\u00e1ginas<\/strong> son para el contenido que no varien en el tiempo(no as\u00ed las <strong>Entradas<\/strong>).<\/li>\n<li>Las <strong>P\u00e1ginas<\/strong> pueden organizarse en p\u00e1ginas y <strong>SubP\u00e1ginas<\/strong>.<\/li>\n<li>Las <strong>P\u00e1ginas<\/strong> pueden usar diferentes <strong>Plantillas de P\u00e1gina<\/strong> que pueden incluir Archivos de Plantilla, Etiquetas de Plantilla y otro c\u00f3digo PHP, esta diferencia de plantillas est\u00e1 muy ligada con el tema en uso.<\/li>\n<\/ul>\n<p>&nbsp;<\/p>\n","protected":false},"excerpt":{"rendered":"<p>El programa o software que provee un m\u00e9todo para administrar un sitio web es llamado CMS o &#8220;Content Management System&#8221;. Muchos programas de blogging son considerados un tipo espec\u00edfico de CMS, ellos proporcionan las caracter\u00edsticas requeridas para crear y mantener un blog, y hacen la publicaci\u00f3n en Internet tan simple como escribir el art\u00edculo, el [&hellip;]<\/p>\n","protected":false},"author":112,"featured_media":0,"parent":0,"menu_order":0,"comment_status":"open","ping_status":"open","template":"","meta":[],"_links":{"self":[{"href":"https:\/\/blogs.sld.cu\/violeta\/wp-json\/wp\/v2\/pages\/23"}],"collection":[{"href":"https:\/\/blogs.sld.cu\/violeta\/wp-json\/wp\/v2\/pages"}],"about":[{"href":"https:\/\/blogs.sld.cu\/violeta\/wp-json\/wp\/v2\/types\/page"}],"author":[{"embeddable":true,"href":"https:\/\/blogs.sld.cu\/violeta\/wp-json\/wp\/v2\/users\/112"}],"replies":[{"embeddable":true,"href":"https:\/\/blogs.sld.cu\/violeta\/wp-json\/wp\/v2\/comments?post=23"}],"version-history":[{"count":3,"href":"https:\/\/blogs.sld.cu\/violeta\/wp-json\/wp\/v2\/pages\/23\/revisions"}],"predecessor-version":[{"id":390,"href":"https:\/\/blogs.sld.cu\/violeta\/wp-json\/wp\/v2\/pages\/23\/revisions\/390"}],"wp:attachment":[{"href":"https:\/\/blogs.sld.cu\/violeta\/wp-json\/wp\/v2\/media?parent=23"}],"curies":[{"name":"wp","href":"https:\/\/api.w.org\/{rel}","templated":true}]}}