{"id":24,"date":"2008-03-10T14:19:29","date_gmt":"2008-03-10T18:19:29","guid":{"rendered":"http:\/\/blogviejo.sld.cu\/violeta\/cosas-que-se-necesitan-saber\/"},"modified":"2014-12-08T01:27:29","modified_gmt":"2014-12-08T01:27:29","slug":"cosas-que-se-necesitan-saber","status":"publish","type":"page","link":"https:\/\/blogs.sld.cu\/violeta\/cosas-que-se-necesitan-saber\/","title":{"rendered":"T\u00e9rminos de utilidad&#8230;"},"content":{"rendered":"<p class=\"MsoNormal\" align=\"center\"><span>Para entender como trabaja tu software de blogging, tal como <\/span><span><a title=\"Getting Started with WordPress\" href=\"Getting_Started_with_WordPress\"><strong><span>WordPress<\/span><\/strong><\/a><\/span><span>, aqu\u00ed hay algunos t\u00e9rminos y conceptos que necesitas saber.<\/span><\/p>\n<hr size=\"2\" \/>\n<h3><span>Archivos<\/span><\/h3>\n<p><span>Un blog es tambi\u00e9n una buena manera para no perder de vista los art\u00edculos en un sitio. Muchos blogs ofrecen un archivo basado en fechas (como un archivo mensual o anual). En la p\u00e1gina principal del blog se puede ofrecer un calendario con los enlaces al archivo diario para esa fecha. Los archivos se pueden tambi\u00e9n basar en las categor\u00edas y clasificarlos dentro de ellas. <\/span> <span>Esto no se detiene aqu\u00ed, pues tambi\u00e9n puedes archivar los posts por autor, o alfab\u00e9ticamente. Las posibilidades son infinitas. Es esta capacidad de organizar y presentar los art\u00edculos en una manera ordenada lo que hace del blogging una herramienta popular de publicaci\u00f3n personal. <\/span><\/p>\n<p class=\"MsoNormal\" align=\"center\"><a title=\"Feeds\" name=\"Feeds\"><\/a><\/p>\n<hr size=\"2\" \/>\n<h3><span>Feeds <\/span><\/h3>\n<p><span>Un Feed es una funci\u00f3n de software que permite a los &#8220;lectores de Feed&#8221; (herramientas autom\u00e1ticas de software) acceder a un sitio autom\u00e1ticamente, mirar si hay contenido nuevo, y luego &#8220;postear&#8221; la informaci\u00f3n sobre el contenido nuevo y sus actualizaciones hacia otro sitio. <\/span> <span>Esto proporciona una manera para que los usuarios siempre mantengan la \u00faltima versi\u00f3n de la informaci\u00f3n publicada en los diferentes sitios de blogging. <\/span> <span>Algunos Feeds incluyen archivos RSS (&#8220;Rich Site Summary&#8221; o &#8220;Really Simple Syndication&#8221;), Atom o RDF. <\/span><span>Dave Shea, autor del blog <\/span><span><a title=\"http:\/\/mezzoblue.com\" href=\"http:\/\/mezzoblue.com\/\"><strong><span>Mezzoblue<\/span><\/strong><\/a><\/span><span class=\"urlexpansion1\"><span> (<em>http:\/\/mezzoblue.com<\/em>)<\/span><\/span><span> escribi\u00f3 <\/span><span><a title=\"http:\/\/www.mezzoblue.com\/archives\/2004\/05\/19\/what is rssx\/\" href=\"http:\/\/www.mezzoblue.com\/archives\/2004\/05\/19\/what_is_rssx\/\"><strong><span>un resumen<\/span><\/strong><\/a><\/span><span class=\"urlexpansion1\"><span> (<em>http:\/\/www.mezzoblue.com\/archives\/2004\/05\/19\/what_is_rssx\/<\/em>)<\/span><\/span><span> de feeds. <\/span><\/p>\n<p class=\"MsoNormal\" align=\"center\"><a title=\"Blogrolls\" name=\"Blogrolls\"><\/a><\/p>\n<hr size=\"2\" \/>\n<h3><span>Blogrolls<\/span><\/h3>\n<p><span>Un <\/span><span><a title=\"Glossary\" href=\"http:\/\/codex.wordpress.org\/index.php?title=es:Glossary&amp;action=edit\"><strong><span>blogroll<\/span><\/strong><\/a><\/span><span> es una lista, a veces categorizada, de v\u00ednculos (links) a p\u00e1ginas web que el autor del blog encuentra interesantes. Los links en un blogroll son usualmente otros blogs con intereses similares. El blogroll est\u00e1 a menudo en una &#8220;barra lateral&#8221; de la p\u00e1gina principal o en una p\u00e1gina separada. <\/span><span><a title=\"http:\/\/blogrolling.com\" href=\"http:\/\/blogrolling.com\/\"><strong><span>BlogRolling<\/span><\/strong><\/a><\/span><span class=\"urlexpansion1\"><span> (<em>http:\/\/blogrolling.com<\/em>)<\/span><\/span><span> y <\/span><span><a title=\"http:\/\/blo.gs\" href=\"http:\/\/blo.gs\/\"><strong><span>blo.gs<\/span><\/strong><\/a><\/span><span> son sitios web que entregan algunas funciones interesantes y ayuda referente a los blogrolls. All\u00ed se entregan m\u00e9todos para que los usuarios mantengan los rolls con poco esfuerzo y los integren dentro de sus blogs. WordPress incluye <\/span><span><a title=\"Links Manager\" href=\"Links_Manager\"><strong><span>Gesti\u00f3n de enlaces<\/span><\/strong><\/a><\/span><span> para que los usuarios no dependan de una tercera parte para crear y mantener su blogroll. <\/span><\/p>\n<p class=\"MsoNormal\" align=\"center\"><a title=\"Sindicaci.C3.B3n\" name=\"Sindicaci.C3.B3n\"><\/a><\/p>\n<hr size=\"2\" \/>\n<h3><span>Sindicaci\u00f3n<\/span><\/h3>\n<p><span>Un feed es un mecanismo legible (usualmente XML) de publicaci\u00f3n de contenidos que es actualizado regularmente. Muchos weblogs publican un feed (usualmente RSS, Atom y RDF). Esas herramientas se denominan &#8220;lectores de feeds&#8221;. Lo que ellos hacen es mantener rastreo de blogs espec\u00edficos y mirar si han sido actualizados, y cuando esto sucede, muestran el nuevo post y un enlace hacia \u00e9l. Cada feed contiene items que han sido publicados en cierto momento. Cuando se chequea un feed, el &#8220;lector de feed&#8221; busca nuevos items, y si los encuentra, son autom\u00e1ticamente descubiertos y bajados para su lectura. Asi no es necesario visitar cada blog de mi inter\u00e9s, s\u00f3lo tengo que sindicarme al RSS que ofrecen mis blogs favoritos. Entonces el &#8220;lector de feeds&#8221; informar\u00e1 sobre cualquier nuevo post en los blogs de mi inter\u00e9s. <\/span><\/p>\n<hr size=\"2\" \/>\n<h3><span>Administrando Comentarios<\/span><\/h3>\n<p><span>Una de las caracter\u00edsticas m\u00e1s interesantes de las herramientas de blogging son los comentarios. Esta es la caracter\u00edstica m\u00e1s interactiva que permite a los usuarios comentar acerca de un art\u00edculo, agregar un enlace a un art\u00edculo en otro post, y recomendar los art\u00edculos. Eso se conoce como <strong>trackbacks<\/strong> y <strong>pingbacks<\/strong> . Tambi\u00e9n se discute como moderar y administrar los comentarios, y como evitar comentarios molestos y el spam dentro del blog. <\/span><\/p>\n<ul>\n<li class=\"MsoNormal\"><span><a href=\"http:\/\/blogviejo.sld.cu\/violeta\/2008\/03\/10\/ping-track\/\"><strong><span>Trackbacks<\/span><\/strong><\/a> <\/span><\/li>\n<li class=\"MsoNormal\"><span><a href=\"http:\/\/blogviejo.sld.cu\/violeta\/2008\/03\/10\/ping-track\/\"><strong><span>Pingbacks<\/span><\/strong><\/a> <\/span><\/li>\n<li class=\"MsoNormal\"><span><a href=\"#.23Verifying_Pingbacks_and_Trackbacks\"><strong><span>Verificando Pingbacks y Trackbacks<\/span><\/strong><\/a> <\/span><\/li>\n<li class=\"MsoNormal\"><span><a href=\"#.23Comment_Moderation\"><strong><span>Moderaci\u00f3n de Comentarios<\/span><\/strong><\/a> <\/span><\/li>\n<li class=\"MsoNormal\"><span><a href=\"#.23Comment_Spam\"><strong><span>Comentarios Spam<\/span><\/strong><\/a> <\/span><\/li>\n<\/ul>\n<hr size=\"2\" \/>\n<hr size=\"2\" \/>\n<h4><span>Moderaci\u00f3n de Comentarios <\/span><\/h4>\n<p><span>La <\/span><span><a title=\"Comment Moderation\" href=\"http:\/\/codex.wordpress.org\/index.php?title=es:Comment_Moderation&amp;action=edit\"><strong><span>Moderaci\u00f3n<\/span><\/strong><strong><span> de Comentarios<\/span><\/strong><\/a><\/span><span> es una caracter\u00edstica que permite al due\u00f1o del sitio web y al autor supervisar y controlar los comentarios en los diferentes art\u00edculos posteados, y puede ayudar a enfrentar el Spam de comentarios. Esto permite moderar y borrar comentarios indeseados, aprobar comentarios recientes, y tomar otras decisiones sobre los comentarios. <\/span><\/p>\n<p class=\"MsoNormal\" align=\"center\"><a title=\"Spam_de_Comentarios\" name=\"Spam_de_Comentarios\"><\/a><\/p>\n<hr size=\"2\" \/>\n<h4><span>Spam de Comentarios<\/span><\/h4>\n<p><span>El <\/span><span><a title=\"Comment Spam\" href=\"http:\/\/codex.wordpress.org\/index.php?title=es:Comment_Spam&amp;action=edit\"><strong><span>Spam de Comentarios<\/span><\/strong><\/a><\/span><span> se refiere a comentarios in\u00fatiles (trackbacks o pingbacks) en los posts de un blog. Estos son a menudo irrelevantes dentro del contexto del post. Pueden contener unos o m\u00e1s enlaces a otros sitios web. Los Spammers usan el Spam de Comentarios como medio para conseguir un ranking m\u00e1s alto de sus dominios en Google, de modo que puedan vender esos dominios a un precio m\u00e1s elevado en el futuro u obtener un elevado ranking en los resultados de la b\u00fasqueda para un sitio web existente. <\/span> <span>Los spammers son implacables: porque puede haber dinero substancial implicado, trabajan duro en su &#8220;oficio&#8221;. Incluso construyen herramientas automatizadas (robots) para enviar r\u00e1pidamente su Spam al mismo o a m\u00faltiples blogs. Muchos bloggers, especialmente principiantes, a veces se sienten abrumados por el Spam del comentario. <\/span> <span>Hay soluciones para evitar el Spam de comentarios. WordPress incluye muchas herramientas para combatir el <\/span><span><a title=\"Comment Spam\" href=\"http:\/\/codex.wordpress.org\/index.php?title=es:Comment_Spam&amp;action=edit\"><strong><span>Spam de Comentarios<\/span><\/strong><\/a><\/span><span>. Con un poco de esfuerzo adicional, el Spam de comentarios puede ser manejable. <\/span><\/p>\n<hr size=\"2\" \/>\n<h3><span>Enlaces Permanentes<\/span><\/h3>\n<p><span>Los <\/span><span><a title=\"Using Permalinks\" href=\"Using_Permalinks\"><strong><span>Enlaces Permanentes<\/span><\/strong><\/a><\/span><span> son URLs permanentes en el blog individual, como las categor\u00edas y otras listas de posts. Un Enlace Permanente permite que otro weblogger lo use para referenciar ese art\u00edculo (o secci\u00f3n). Debido a que otros pueden usar el enlace para sus posts individuales, la URL no debe cambiar. Como <\/span><span><a title=\"Using Permalinks\" href=\"Using_Permalinks\"><strong><span>Enlaces Permanentes<\/span><\/strong><\/a><\/span><span> se entiende ser <strong>durarero<\/strong> (v\u00e1lido por un largo tiempo). <\/span> <span>Para m\u00e1s informaci\u00f3n, ver <\/span><span><a title=\"Using Permalinks\" href=\"Using_Permalinks\"><strong><span>Enlaces Permanentes<\/span><\/strong><\/a><\/span><span>. <\/span><\/p>\n<hr size=\"2\" \/>\n<h3><a title=\"Administrador_de_Enlaces\" name=\"Administrador_de_Enlaces\"><\/a><span>Administrador de Enlaces<\/span><\/h3>\n<p><span>El <\/span><span><a title=\"Links Manager\" href=\"Links_Manager\"><strong><span>Administrador de Enlaces<\/span><\/strong><\/a><\/span><span> es el lugar en donde se puede administrar todos los enlaces a otros sitios web, blogs, etc. Puedes crear diferentes categor\u00edas aqu\u00ed, en donde los enlaces apuntan a diferentes sitios web, que son los favoritos del autor, los m\u00e1s visitados, los que comparten el inter\u00e9s del autor, o a quienes pagan por aparecer en tu blog. <\/span><\/p>\n<hr size=\"2\" \/>\n<h3><a title=\"Blog_por_email\" name=\"Blog_por_email\"><\/a><span>Blog por email<\/span><\/h3>\n<p><span>Algunas herramientas de blogging ofrecen la capacidad de <\/span><span><a title=\"http:\/\/wiki.wordpress.org\/?pagename=How To Blog By Email\" href=\"http:\/\/wiki.wordpress.org\/?pagename=How%20To%20Blog%20By%20Email\"><strong><span>enviar por correo tus posts<\/span><\/strong><\/a><\/span><span class=\"urlexpansion1\"><span> (<em>http:\/\/wiki.wordpress.org\/?pagename=How%20To%20Blog%20By%20Email<\/em>)<\/span><\/span><span> directamente a tu blog sin interacci\u00f3n directa con la interfaz del blog. WordPress ofrece esta caracter\u00edstica, y ahora puedes enviar tu post a trav\u00e9s de una direcci\u00f3n email predeterminada, y tu post ser\u00e1 publicado. <\/span><\/p>\n<hr size=\"2\" \/>\n<h3><a title=\"Post_Slugs\" name=\"Post_Slugs\"><\/a><span>Post Slugs<\/span><\/h3>\n<p><span>El <\/span><span><a title=\"Glossary\" href=\"http:\/\/codex.wordpress.org\/Glossary#Post_Slug\"><strong><span>Post Slug<\/span><\/strong><\/a><\/span><span> es el t\u00edtulo de su articulo publicdo en el enlace, si se est\u00e1n utiliando los Pretty Permalinks. <\/span><span>The blogging tool software may simplify or truncate your title into a more appropriate form for using as a link. A title such as &#8220;I&#8217;ll Make A Wish&#8221; might be truncated to &#8220;ill-make-a-wish&#8221;. In WordPress, you can change the Post Slug to something else, like &#8220;make-a-wish&#8221;, which sounds better than a wish made when sick. <\/span><\/p>\n<hr size=\"2\" \/>\n<h3><a title=\"Extracto\" name=\"Extracto\"><\/a><span>Extracto<\/span><\/h3>\n<p><span>Un extracto es un resumen del post. Hay varias maneras de manejarlos. En WordPress, para crear el <\/span><span><a title=\"Template Tags\/the excerpt\" href=\"http:\/\/codex.wordpress.org\/index.php?title=es:Template_Tags\/the_excerpt&amp;action=edit\"><strong><span>Extracto<\/span><\/strong><\/a><\/span><span> se puede escribir especificamente un resumen del post, o puede ser generado automaticamente usando las primeras l\u00edneas del post. <\/span><\/p>\n<hr size=\"2\" \/>\n<h3><a title=\"Plugins\" name=\"Plugins\"><\/a><span>Plugins<\/span><\/h3>\n<p><span>Los <\/span><span><a title=\"Plugins\" href=\"http:\/\/codex.wordpress.org\/Plugins\"><strong><span>Plugins<\/span><\/strong><\/a><\/span><span> son fragmentos de c\u00f3digo que agregan funcionalidad adicional al blog. \u00c9stas son a menudo caracter\u00edsticas que realzan las caracter\u00edsticas ya disponibles en el sitio. <\/span> <span>WordPress ofrece una manera f\u00e1cil y simple para agregar <\/span><span><a title=\"Plugins\" href=\"http:\/\/codex.wordpress.org\/Plugins\"><strong><span>Plugins<\/span><\/strong><\/a><\/span><span> a tu blog: en el <\/span><span><a title=\"Administration Panels\" href=\"http:\/\/codex.wordpress.org\/index.php?title=es:Administration_Panels&amp;action=edit\"><strong><span>Panel de Control<\/span><\/strong><\/a><\/span><span>, encontar\u00e1s una pesta\u00f1a denominada <\/span><span><a title=\"Administration Panels\" href=\"http:\/\/codex.wordpress.org\/index.php?title=es:Administration_Panels&amp;action=edit\"><strong><span>Plugin<\/span><\/strong><\/a><\/span><span>. Una vez que has subido el Plugin al directorio de WordPress, act\u00edvalo desde la p\u00e1gina <\/span><span><a title=\"Administration Panels\" href=\"http:\/\/codex.wordpress.org\/index.php?title=es:Administration_Panels&amp;action=edit\"><strong><span>Gesti\u00f3n de Plugins<\/span><\/strong><\/a><\/span><span>, y espera que funcione. No todos los Plugins son f\u00e1ciles de instalar, pero los autores y desarrolladores de ellos lo han hecho lo m\u00e1s f\u00e1cil posible.<\/span><\/p>\n","protected":false},"excerpt":{"rendered":"<p>Para entender como trabaja tu software de blogging, tal como WordPress, aqu\u00ed hay algunos t\u00e9rminos y conceptos que necesitas saber. Archivos Un blog es tambi\u00e9n una buena manera para no perder de vista los art\u00edculos en un sitio. Muchos blogs ofrecen un archivo basado en fechas (como un archivo mensual o anual). En la p\u00e1gina [&hellip;]<\/p>\n","protected":false},"author":112,"featured_media":0,"parent":0,"menu_order":0,"comment_status":"closed","ping_status":"closed","template":"","meta":[],"_links":{"self":[{"href":"https:\/\/blogs.sld.cu\/violeta\/wp-json\/wp\/v2\/pages\/24"}],"collection":[{"href":"https:\/\/blogs.sld.cu\/violeta\/wp-json\/wp\/v2\/pages"}],"about":[{"href":"https:\/\/blogs.sld.cu\/violeta\/wp-json\/wp\/v2\/types\/page"}],"author":[{"embeddable":true,"href":"https:\/\/blogs.sld.cu\/violeta\/wp-json\/wp\/v2\/users\/112"}],"replies":[{"embeddable":true,"href":"https:\/\/blogs.sld.cu\/violeta\/wp-json\/wp\/v2\/comments?post=24"}],"version-history":[{"count":2,"href":"https:\/\/blogs.sld.cu\/violeta\/wp-json\/wp\/v2\/pages\/24\/revisions"}],"predecessor-version":[{"id":429,"href":"https:\/\/blogs.sld.cu\/violeta\/wp-json\/wp\/v2\/pages\/24\/revisions\/429"}],"wp:attachment":[{"href":"https:\/\/blogs.sld.cu\/violeta\/wp-json\/wp\/v2\/media?parent=24"}],"curies":[{"name":"wp","href":"https:\/\/api.w.org\/{rel}","templated":true}]}}